{"id":99,"date":"2014-05-07T23:51:45","date_gmt":"2014-05-07T20:51:45","guid":{"rendered":"http:\/\/fabriikki8.fi\/?page_id=99"},"modified":"2014-05-09T23:03:44","modified_gmt":"2014-05-09T20:03:44","slug":"julia-neganova","status":"publish","type":"page","link":"https:\/\/fabriikki8.fi\/wordpress\/julia-neganova\/","title":{"rendered":"Julia Neganova"},"content":{"rendered":"<p><span style=\"color: #3e454c;\"><a href=\"https:\/\/fabriikki8.fi\/wordpress\/wp-content\/uploads\/2014\/05\/julianet.jpg\"><img loading=\"lazy\" decoding=\"async\" class=\"alignleft  wp-image-369\" src=\"https:\/\/fabriikki8.fi\/wordpress\/wp-content\/uploads\/2014\/05\/julianet.jpg\" alt=\"julianet\" width=\"472\" height=\"312\" srcset=\"https:\/\/fabriikki8.fi\/wordpress\/wp-content\/uploads\/2014\/05\/julianet.jpg 900w, https:\/\/fabriikki8.fi\/wordpress\/wp-content\/uploads\/2014\/05\/julianet-300x198.jpg 300w, https:\/\/fabriikki8.fi\/wordpress\/wp-content\/uploads\/2014\/05\/julianet-150x99.jpg 150w\" sizes=\"auto, (max-width: 472px) 100vw, 472px\" \/><\/a>Julia on kasvanut taiteellisessa perheess\u00e4. Lapsuudenkodissa Julian \u00e4iti oli vaatesuunnittelija ja is\u00e4 harrasti valokuvausta. Jo lapsuudessa vanhemmat siis antoivat hyv\u00e4n pohjan Julian taiteelliselle kasvulle. Taide on jo tuolloin valloittanut nuoren naisen syd\u00e4men \u2013 h\u00e4nest\u00e4 tuntui jo silloin, ett\u00e4 h\u00e4n tulee tekem\u00e4\u00e4n ty\u00f6t\u00e4 taiteen parissa. Nyt Julia on l\u00e4htenyt tavoittelemaan ja toteuttamaan unelmaansa. Jo pienen\u00e4 Julia innostui maalauksesta. Maalausharrastuksen pohjalta h\u00e4n l\u00e4htikin taidekouluun. Vanhemmiten valokuvaus alkoi kiinnostaa Juliaa, jonka johdosta h\u00e4n l\u00e4htikin kasvattamaan taitojaan ulkomaille, menestyneiden valokuvaajien oppiin. Suomessa Julia suoritti Paasikiviopiston valokuvauslinjan vuonna 2013. H\u00e4n on my\u00f6s valmistunut vaatetussuunnittelijaksi 2005 sek\u00e4 kirjanpit\u00e4j\u00e4ksi 2010. Nyky\u00e4\u00e4n Julia tekee valokuvauksia muotokuvauksista reportaaseihin, mutta l\u00e4himp\u00e4n\u00e4 h\u00e4nen syd\u00e4nt\u00e4\u00e4n ovat henkil\u00f6- ja muotikuvaus, sek\u00e4 el\u00e4m\u00e4n merkkipaalujen, syntym\u00e4n, odotuksen, h\u00e4iden ja muiden merkkip\u00e4ivien ikuistaminen. H\u00e4nen kauniit kuvansa puhuvat puolestaan. Julia on ty\u00f6ss\u00e4\u00e4n hyvin liikkuvainen ja tekee mielell\u00e4\u00e4n kuvauksia my\u00f6s ulkomailla. H\u00e4n on tehnyt kuvauksia Suomen lis\u00e4ksi It\u00e4vallassa ja Ven\u00e4j\u00e4ll\u00e4. Julia kuvaa tunteella ja rakkaudella, ja tallentaa siten parhaimmat hetket kuvattaviensa el\u00e4m\u00e4st\u00e4.<\/span><\/p>\n<p><strong><span style=\"color: #3e454c;\">045 110 7937<\/span><\/strong><\/p>\n<p><strong><span style=\"color: #3e454c;\">julia.neganova.26@gmail.com<\/span><\/strong><\/p>\n<p><strong><a class=\"_553k\" style=\"color: #3b5998;\" href=\"http:\/\/www.julianeganova.com\/\" target=\"_blank\" rel=\"nofollow\">www.julianeganova.com<\/a><\/strong><\/p>\n\n<!-- Facebook Like Button Vivacity Infotech BEGIN -->\n<fb:like href=\"https:\/\/fabriikki8.fi\/wordpress\/julia-neganova\/\" layout=\"button_count\" show_faces=\"false\" width=\"450\" action=\"like\" colorscheme=\"light\"><\/fb:like>\n<!-- Facebook Like Button Vivacity Infotech END -->\n","protected":false},"excerpt":{"rendered":"<p>Julia on kasvanut taiteellisessa perheess\u00e4. Lapsuudenkodissa Julian \u00e4iti oli vaatesuunnittelija ja is\u00e4 harrasti valokuvausta. Jo lapsuudessa vanhemmat siis antoivat hyv\u00e4n pohjan Julian taiteelliselle kasvulle. Taide on jo tuolloin valloittanut nuoren naisen syd\u00e4men \u2013 h\u00e4nest\u00e4 tuntui jo silloin, ett\u00e4 h\u00e4n tulee tekem\u00e4\u00e4n ty\u00f6t\u00e4 taiteen parissa. Nyt Julia on l\u00e4htenyt tavoittelemaan ja toteuttamaan unelmaansa. Jo pienen\u00e4 Julia&#8230;<\/p>\n","protected":false},"author":1,"featured_media":0,"parent":0,"menu_order":0,"comment_status":"closed","ping_status":"closed","template":"templates\/fullwidth.php","meta":{"footnotes":""},"class_list":["post-99","page","type-page","status-publish","hentry","page-entry","loop-entry clr"],"_links":{"self":[{"href":"https:\/\/fabriikki8.fi\/wordpress\/wp-json\/wp\/v2\/pages\/99","targetHints":{"allow":["GET"]}}],"collection":[{"href":"https:\/\/fabriikki8.fi\/wordpress\/wp-json\/wp\/v2\/pages"}],"about":[{"href":"https:\/\/fabriikki8.fi\/wordpress\/wp-json\/wp\/v2\/types\/page"}],"author":[{"embeddable":true,"href":"https:\/\/fabriikki8.fi\/wordpress\/wp-json\/wp\/v2\/users\/1"}],"replies":[{"embeddable":true,"href":"https:\/\/fabriikki8.fi\/wordpress\/wp-json\/wp\/v2\/comments?post=99"}],"version-history":[{"count":2,"href":"https:\/\/fabriikki8.fi\/wordpress\/wp-json\/wp\/v2\/pages\/99\/revisions"}],"predecessor-version":[{"id":377,"href":"https:\/\/fabriikki8.fi\/wordpress\/wp-json\/wp\/v2\/pages\/99\/revisions\/377"}],"wp:attachment":[{"href":"https:\/\/fabriikki8.fi\/wordpress\/wp-json\/wp\/v2\/media?parent=99"}],"curies":[{"name":"wp","href":"https:\/\/api.w.org\/{rel}","templated":true}]}}