{"id":986,"date":"2017-12-05T12:32:14","date_gmt":"2017-12-05T10:32:14","guid":{"rendered":"http:\/\/fabriikki8.fi\/?page_id=986"},"modified":"2023-02-20T14:22:56","modified_gmt":"2023-02-20T12:22:56","slug":"laura-restrepo-intohimon-saari","status":"publish","type":"page","link":"https:\/\/fabriikki8.fi\/wordpress\/kustannus\/laura-restrepo-intohimon-saari\/","title":{"rendered":"Laura Restrepo: Intohimon saari"},"content":{"rendered":"<div id=\"attachment_633\" style=\"width: 200px\" class=\"wp-caption alignleft\"><a href=\"https:\/\/fabriikki8.fi\/wordpress\/wp-content\/uploads\/2015\/10\/IS_kansi_kauppa.jpg\"><img loading=\"lazy\" decoding=\"async\" aria-describedby=\"caption-attachment-633\" class=\"wp-image-633\" src=\"https:\/\/fabriikki8.fi\/wordpress\/wp-content\/uploads\/2015\/10\/IS_kansi_kauppa.jpg\" alt=\"IS_kansi_kauppa\" width=\"190\" height=\"288\" srcset=\"https:\/\/fabriikki8.fi\/wordpress\/wp-content\/uploads\/2015\/10\/IS_kansi_kauppa.jpg 510w, https:\/\/fabriikki8.fi\/wordpress\/wp-content\/uploads\/2015\/10\/IS_kansi_kauppa-197x300.jpg 197w, https:\/\/fabriikki8.fi\/wordpress\/wp-content\/uploads\/2015\/10\/IS_kansi_kauppa-98x150.jpg 98w\" sizes=\"auto, (max-width: 190px) 100vw, 190px\" \/><\/a><p id=\"caption-attachment-633\" class=\"wp-caption-text\"><strong>Laura Restrepo<\/strong>:\u00a0<em>Intohimon saari<\/em>\u00a0(<em>La Isla de la Pasi\u00f3n,\u00a0<\/em>1989) Suom. Laura Vesanto ISBN 978-952-68456-0-9 nidottu, 315 sivua<\/p><\/div>\n<p><strong>Uskomaton tositarina journalistisen fiktion mestarilta<\/strong><\/p>\n<p>Koralliriutta, samea laguuni, loputon meri ja kolmetoista palmua. Pienelt\u00e4 atollilta keskelt\u00e4 Tyynt\u00e4 valtamerta pelastetaan vuonna 1917 joukko meksikolaisia naisia ja lapsia, jotka ovat selvinneet siell\u00e4 yhdeks\u00e4n vuotta, lopulta en\u00e4\u00e4 mustekalat, lokit ja kookokset ravintonaan.<\/p>\n<p>It\u00e4isell\u00e4 Tyynell\u00e4 valtamerell\u00e4 sijaitseva Clippertoninsaari on merenkulun historian aikana ollut merirosvojen suojasatama, guanolouhos ja Meksikon armeijan tukikohta. Parhaimmillaan kuuden neli\u00f6kilometrin atollilla oli 1900-luvun alussa satakunta asukasta. Sitten oikukas kohtalo, Meksikon sis\u00e4llissota, ensimm\u00e4inen maailmansota ja v\u00e4hiin k\u00e4yv\u00e4t sitruunat puuttuivat peliin. Palkittu kolmubialaiskirjailija Laura Restrepo selvitt\u00e4\u00e4 Clippertonin kuuluisimpien haaksirikkoisten vaiheita tositapahtumiin perustuvassa esikoisteoksessaan vuodelta 1989.<\/p>\n<p>Kolumbialainen <strong>Laura Restrepo<\/strong> on kiinnostavimpia Latinalaisen Amerikan nykykirjailijoita. H\u00e4n on voittanut useita kirjallisuuspalkintoja ja h\u00e4nen teoksiaan on k\u00e4\u00e4nnetty useille kielille. Restrepon l\u00e4pimurtoteos <em>Houre<\/em> (<em>Delirio<\/em> 2004) ilmestyi vuonna 2007 Sari Selanderin suomentamana.<\/p>\n<p><a href=\"https:\/\/holvi.com\/shop\/fabriikki8\/product\/46211e738e143491459189fa38bc15af\/\" target=\"_blank\" rel=\"noopener\">Osta verkkokaupasta<\/a><\/p>\n<p>Lis\u00e4\u00e4 Intohimon saaresta:<br \/>\n<a href=\"http:\/\/www.ts.fi\/kulttuuri\/kirjat\/2670546\/Koralliatollin+robinsonit\" target=\"_blank\" rel=\"noopener\">Koralliatollin robinsonit<\/a>\u00a0Turun Sanomat 1.6.2016<br \/>\n<a href=\"http:\/\/sylvi.fi\/2016\/03\/intohimon-saari\/\" target=\"_blank\" rel=\"noopener\">Sylvi.fi<\/a><br \/>\n<a href=\"https:\/\/sanoissa.wordpress.com\/2016\/05\/02\/laura-restrepo-intohimon-saari\/\" target=\"_blank\" rel=\"noopener\">Sanoissa-blogi<br \/>\n<\/a><a href=\"http:\/\/mummomatkalla.blogspot.fi\/2016\/03\/intohimon-saari-la-isla-de-la-pasion-ex.html\" target=\"_blank\" rel=\"noopener\">Mummo matkalla -blogi<br \/>\n<\/a><a href=\"http:\/\/suketus.blogspot.fi\/2016\/09\/laura-restrepo-intohimon-saari.html\" target=\"_blank\" rel=\"noopener\">Eniten minua kiinnostaa tie -blogi<br \/>\n<\/a><a href=\"http:\/\/teos yhdistelee eri kerronnan tasoja, tosipohjaisia tapahtumia, faktoja ja fiktiota sumeilematta yhteen, ja saa luotua hurjan mielenkiintoisen romaanin, jota ei k\u00e4sist\u00e4\u00e4n malta p\u00e4\u00e4st\u00e4\u00e4.\" target=\"_blank\" rel=\"noopener\">Mit\u00e4 luimme kerran -blogi<br \/>\n<\/a><a href=\"http:\/\/www.lukuisa.com\/2017\/12\/laura-restrepo-intohimon-saari.html\" target=\"_blank\" rel=\"noopener\">Lukuisa-blogi<\/a><\/p>\n\n<!-- Facebook Like Button Vivacity Infotech BEGIN -->\n<fb:like href=\"https:\/\/fabriikki8.fi\/wordpress\/kustannus\/laura-restrepo-intohimon-saari\/\" layout=\"button_count\" show_faces=\"false\" width=\"450\" action=\"like\" colorscheme=\"light\"><\/fb:like>\n<!-- Facebook Like Button Vivacity Infotech END -->\n","protected":false},"excerpt":{"rendered":"<p>Uskomaton tositarina journalistisen fiktion mestarilta Koralliriutta, samea laguuni, loputon meri ja kolmetoista palmua. Pienelt\u00e4 atollilta keskelt\u00e4 Tyynt\u00e4 valtamerta pelastetaan vuonna 1917 joukko meksikolaisia naisia ja lapsia, jotka ovat selvinneet siell\u00e4 yhdeks\u00e4n vuotta, lopulta en\u00e4\u00e4 mustekalat, lokit ja kookokset ravintonaan. It\u00e4isell\u00e4 Tyynell\u00e4 valtamerell\u00e4 sijaitseva Clippertoninsaari on merenkulun historian aikana ollut merirosvojen suojasatama, guanolouhos ja Meksikon armeijan&#8230;<\/p>\n","protected":false},"author":1,"featured_media":0,"parent":610,"menu_order":0,"comment_status":"closed","ping_status":"closed","template":"","meta":{"footnotes":""},"class_list":["post-986","page","type-page","status-publish","hentry","page-entry","loop-entry clr"],"_links":{"self":[{"href":"https:\/\/fabriikki8.fi\/wordpress\/wp-json\/wp\/v2\/pages\/986","targetHints":{"allow":["GET"]}}],"collection":[{"href":"https:\/\/fabriikki8.fi\/wordpress\/wp-json\/wp\/v2\/pages"}],"about":[{"href":"https:\/\/fabriikki8.fi\/wordpress\/wp-json\/wp\/v2\/types\/page"}],"author":[{"embeddable":true,"href":"https:\/\/fabriikki8.fi\/wordpress\/wp-json\/wp\/v2\/users\/1"}],"replies":[{"embeddable":true,"href":"https:\/\/fabriikki8.fi\/wordpress\/wp-json\/wp\/v2\/comments?post=986"}],"version-history":[{"count":4,"href":"https:\/\/fabriikki8.fi\/wordpress\/wp-json\/wp\/v2\/pages\/986\/revisions"}],"predecessor-version":[{"id":1293,"href":"https:\/\/fabriikki8.fi\/wordpress\/wp-json\/wp\/v2\/pages\/986\/revisions\/1293"}],"up":[{"embeddable":true,"href":"https:\/\/fabriikki8.fi\/wordpress\/wp-json\/wp\/v2\/pages\/610"}],"wp:attachment":[{"href":"https:\/\/fabriikki8.fi\/wordpress\/wp-json\/wp\/v2\/media?parent=986"}],"curies":[{"name":"wp","href":"https:\/\/api.w.org\/{rel}","templated":true}]}}