{"id":983,"date":"2017-12-05T12:19:32","date_gmt":"2017-12-05T10:19:32","guid":{"rendered":"http:\/\/fabriikki8.fi\/?page_id=983"},"modified":"2023-02-20T14:11:34","modified_gmt":"2023-02-20T12:11:34","slug":"deborah-levy-uiden-kotiin","status":"publish","type":"page","link":"https:\/\/fabriikki8.fi\/wordpress\/kustannus\/deborah-levy-uiden-kotiin\/","title":{"rendered":"Deborah Levy: Uiden kotiin"},"content":{"rendered":"<div id=\"attachment_658\" style=\"width: 200px\" class=\"wp-caption alignleft\"><img loading=\"lazy\" decoding=\"async\" aria-describedby=\"caption-attachment-658\" class=\"wp-image-658\" src=\"https:\/\/fabriikki8.fi\/wordpress\/wp-content\/uploads\/2015\/10\/9789526845616.jpg\" alt=\"Deborah Levy: Uiden kotiin\" width=\"190\" height=\"296\" srcset=\"https:\/\/fabriikki8.fi\/wordpress\/wp-content\/uploads\/2015\/10\/9789526845616.jpg 601w, https:\/\/fabriikki8.fi\/wordpress\/wp-content\/uploads\/2015\/10\/9789526845616-192x300.jpg 192w, https:\/\/fabriikki8.fi\/wordpress\/wp-content\/uploads\/2015\/10\/9789526845616-96x150.jpg 96w\" sizes=\"auto, (max-width: 190px) 100vw, 190px\" \/><p id=\"caption-attachment-658\" class=\"wp-caption-text\"><strong>Deborah Levy<\/strong>:\u00a0<em>Uiden kotiin<\/em>\u00a0(<em>Swimming Home,\u00a0<\/em>2011) Suom. Laura Vesanto ISBN: 978-952-68456-1-6, nid., 144 s.<\/p><\/div>\n<p><strong>Unenomainen pienoisromaani Nizzan helteist\u00e4<\/strong><\/p>\n<p>Kuuluisan englantilaisrunoilijan perheloma Ranskassa keskeytyy, kun huvilan uima-altaassa er\u00e4\u00e4n\u00e4 p\u00e4iv\u00e4n\u00e4 kelluu punatukkainen tytt\u00f6. Kukaan ei ymm\u00e4rr\u00e4, miksi runoilijan vaimo kutsuu tyt\u00f6n perheen vieraaksi. Linnunluinen vieras \u00e4nkytt\u00e4\u00e4 tarkkoja huomioita lomailijoista, eik\u00e4 salaisuuksia voi pit\u00e4\u00e4 en\u00e4\u00e4 edes itselt\u00e4\u00e4n.<\/p>\n<p>Unenomaisessa pienoisromaanissa liikutaan Nizzan kuumalla rantabulevardilla ja kiemurtelevilla vuoristoteill\u00e4. Ikkunaluukut suljetaan myrskyn tielt\u00e4, mutta surua eiv\u00e4t mitk\u00e4\u00e4n luukut pid\u00e4 loitolla.<\/p>\n<p><strong>Deborah Levy<\/strong> (s.1959) on brittil\u00e4inen n\u00e4ytelm\u00e4kirjailija, kirjailija ja runoilija. Levy kirjoittu 1990-luvun lopulla monta kiitetty\u00e4 teosta ja palasi pitk\u00e4n hiljaisuuden j\u00e4lkeen valokeilaan romaanillaan <em>Uiden kotiin<\/em> (<em>Swimming Home,<\/em>\u00a02011), joka oli Booker-ehdokkaana vuonna 2012.<\/p>\n<p><a href=\"https:\/\/holvi.com\/shop\/fabriikki8\/product\/1736b8991e9246fed849d0e05d21ffb2\/\">Osta verkkokaupasta<\/a><\/p>\n<p>Teoksesta muualla:<br \/>\n<a href=\"http:\/\/www.ts.fi\/kulttuuri\/2697370\/Dramaattisia+kohtaamisia+kesayossa\" target=\"_blank\" rel=\"noopener\">Dramaattisia kohtaamisia kes\u00e4y\u00f6ss\u00e4<\/a>\u00a0&#8211; Turun Sanomat 18.7.2016<br \/>\n<a href=\"http:\/\/taysiensivujennautinto.blogspot.fi\/2016\/05\/deborah-levy-uiden-kotiin.html\" target=\"_blank\" rel=\"noopener\">T\u00e4ysien sivujen nautinto<\/a><br \/>\n<a href=\"http:\/\/kristankirjat.blogspot.fi\/2016\/05\/deborah-levy-uiden-kotiin.html\" target=\"_blank\" rel=\"noopener\">Lukutoukan kulttuuriblogi<\/a><br \/>\n<a href=\"http:\/\/ullankirjat.blogspot.fi\/2016\/05\/deborah-levy-uiden-kotiin.html\" target=\"_blank\" rel=\"noopener\">Ullan luetut kirjat<\/a><br \/>\n<a href=\"https:\/\/tuijata.wordpress.com\/2016\/05\/03\/deborah-levy-uiden-kotiin\/\" target=\"_blank\" rel=\"noopener\">Tuijata-blogi<\/a><br \/>\n<a href=\"https:\/\/sanoissa.wordpress.com\/2016\/05\/13\/deborah-levy-uiden-kotiin\/\" target=\"_blank\" rel=\"noopener\">Sanoissa-blogi<br \/>\n<\/a><a href=\"http:\/\/luminenomena.blogspot.fi\/2016\/07\/deborah-levy-uiden-kotiin.html\" target=\"_blank\" rel=\"noopener\">Lumiomena-blogi<br \/>\n<\/a><a href=\"http:\/\/readerwhydidimarryhim.blogspot.fi\/2016\/07\/deborah-levy-uiden-kotiin.html\" target=\"_blank\" rel=\"noopener\">Reader why did I marry him? -blogi<br \/>\n<\/a><a href=\"http:\/\/kirjapolkuni.blogspot.fi\/2016\/09\/deborah-levy-uiden-kotiin.html\" target=\"_blank\" rel=\"noopener\">Kirjapolkuni-blogi<br \/>\n<\/a><a href=\"http:\/\/www.kujerruksia.fi\/2017\/01\/deborah-levy-uiden-kotiin.html\" target=\"_blank\" rel=\"noopener\">Kujerruksia-blogi<\/a><\/p>\n\n<!-- Facebook Like Button Vivacity Infotech BEGIN -->\n<fb:like href=\"https:\/\/fabriikki8.fi\/wordpress\/kustannus\/deborah-levy-uiden-kotiin\/\" layout=\"button_count\" show_faces=\"false\" width=\"450\" action=\"like\" colorscheme=\"light\"><\/fb:like>\n<!-- Facebook Like Button Vivacity Infotech END -->\n","protected":false},"excerpt":{"rendered":"<p>Unenomainen pienoisromaani Nizzan helteist\u00e4 Kuuluisan englantilaisrunoilijan perheloma Ranskassa keskeytyy, kun huvilan uima-altaassa er\u00e4\u00e4n\u00e4 p\u00e4iv\u00e4n\u00e4 kelluu punatukkainen tytt\u00f6. Kukaan ei ymm\u00e4rr\u00e4, miksi runoilijan vaimo kutsuu tyt\u00f6n perheen vieraaksi. Linnunluinen vieras \u00e4nkytt\u00e4\u00e4 tarkkoja huomioita lomailijoista, eik\u00e4 salaisuuksia voi pit\u00e4\u00e4 en\u00e4\u00e4 edes itselt\u00e4\u00e4n. Unenomaisessa pienoisromaanissa liikutaan Nizzan kuumalla rantabulevardilla ja kiemurtelevilla vuoristoteill\u00e4. Ikkunaluukut suljetaan myrskyn tielt\u00e4, mutta surua&#8230;<\/p>\n","protected":false},"author":1,"featured_media":0,"parent":610,"menu_order":0,"comment_status":"closed","ping_status":"closed","template":"","meta":{"footnotes":""},"class_list":["post-983","page","type-page","status-publish","hentry","page-entry","loop-entry clr"],"_links":{"self":[{"href":"https:\/\/fabriikki8.fi\/wordpress\/wp-json\/wp\/v2\/pages\/983","targetHints":{"allow":["GET"]}}],"collection":[{"href":"https:\/\/fabriikki8.fi\/wordpress\/wp-json\/wp\/v2\/pages"}],"about":[{"href":"https:\/\/fabriikki8.fi\/wordpress\/wp-json\/wp\/v2\/types\/page"}],"author":[{"embeddable":true,"href":"https:\/\/fabriikki8.fi\/wordpress\/wp-json\/wp\/v2\/users\/1"}],"replies":[{"embeddable":true,"href":"https:\/\/fabriikki8.fi\/wordpress\/wp-json\/wp\/v2\/comments?post=983"}],"version-history":[{"count":4,"href":"https:\/\/fabriikki8.fi\/wordpress\/wp-json\/wp\/v2\/pages\/983\/revisions"}],"predecessor-version":[{"id":1280,"href":"https:\/\/fabriikki8.fi\/wordpress\/wp-json\/wp\/v2\/pages\/983\/revisions\/1280"}],"up":[{"embeddable":true,"href":"https:\/\/fabriikki8.fi\/wordpress\/wp-json\/wp\/v2\/pages\/610"}],"wp:attachment":[{"href":"https:\/\/fabriikki8.fi\/wordpress\/wp-json\/wp\/v2\/media?parent=983"}],"curies":[{"name":"wp","href":"https:\/\/api.w.org\/{rel}","templated":true}]}}