{"id":977,"date":"2017-12-05T12:11:17","date_gmt":"2017-12-05T10:11:17","guid":{"rendered":"http:\/\/fabriikki8.fi\/?page_id=977"},"modified":"2023-02-20T14:09:48","modified_gmt":"2023-02-20T12:09:48","slug":"alain-mabanckou-pikku-pippuri","status":"publish","type":"page","link":"https:\/\/fabriikki8.fi\/wordpress\/kustannus\/alain-mabanckou-pikku-pippuri\/","title":{"rendered":"Alain Mabanckou: Pikku Pippuri"},"content":{"rendered":"<div id=\"attachment_723\" style=\"width: 204px\" class=\"wp-caption alignleft\"><a href=\"https:\/\/fabriikki8.fi\/wordpress\/wp-content\/uploads\/2016\/09\/9789526845623.jpg\" rel=\"attachment wp-att-723\"><img loading=\"lazy\" decoding=\"async\" aria-describedby=\"caption-attachment-723\" class=\"wp-image-723 size-medium\" src=\"https:\/\/fabriikki8.fi\/wordpress\/wp-content\/uploads\/2016\/09\/9789526845623.jpg\" alt=\"Pikku Pippuri (Petit Piment 2015) Suom. Saana Rusi. ISBN 978-952-68456-2-3, nid., 192\u00a0s.\" width=\"194\" height=\"300\" \/><\/a><p id=\"caption-attachment-723\" class=\"wp-caption-text\"><strong>Alain Mabanckou<\/strong>:\u00a0<em>Pikku Pippuri<\/em>\u00a0(<em>Petit Piment<\/em>, 2015<em>)<\/em>\u00a0Suom. Saana Rusi. ISBN 978-952-68456-2-3, nid., 192\u00a0s.<\/p><\/div>\n<p><strong>Satiirinen\u00a0kertomus Kongon ep\u00e4tasa-arvon kyll\u00e4st\u00e4milt\u00e4 kujilta<\/strong><\/p>\n<p><strong>Alain Mabanckoun<\/strong>\u00a0<em>Pikku Pippuri<\/em>\u00a0(<em>Petit Piment<\/em>, 2015, suom.\u00a0<strong>Saana Rusi<\/strong>) on veijarimainen kasvutarina ja absurdi poliittinen satiiri Kongon 1970-luvun sosialistisen vallankumouksen kuohuista.<\/p>\n<p>Pikku Pippuri kasvaa Dieudonn\u00e9 Ngulmumakon rautaisin ottein johtamassa orpokodissa, kunnes vallankumous jakaa kaikille uudet kortit. Pikku Pippuri ottaa kohtalonsa omiin k\u00e4siins\u00e4 ja karkaa satamakaupunki Pointe-Noireen. Onni johdattaa h\u00e4net Mama Fiat 500: ja t\u00e4m\u00e4n kymmenen tyt\u00f6n huomaan ja aran nuorukaisen el\u00e4m\u00e4 hymyilee, kunnes kaikki j\u00e4lleen suistuu raiteiltaan.<\/p>\n<p>Vastoink\u00e4ymisest\u00e4 toiseen ajautuvan Pikku Pippurin naivistisessa seikkailussa sek\u00e4 puidaan Kongon historiaa ja etnisi\u00e4 j\u00e4nnitteit\u00e4 ett\u00e4 kirjoitetaan uudelleen Oliver Twistin, Mooseksen ja Robin Hoodin tarinaa.<\/p>\n<p>Alain Mabanckou (s.1966, Brazzavillen Kongo) on moneen kertaan palkittu ranskankielisen kirjallisuusmaailman supert\u00e4hti ja vuoden 2015 Man Booker International -finalisti.<\/p>\n<p><a href=\"https:\/\/holvi.com\/shop\/fabriikki8\/product\/9945265d940f0f7c5f9701d4a6b4319d\/\" target=\"_blank\" rel=\"noopener\">Osta verkkokaupasta<\/a><\/p>\n<p>Teoksesta muualla:<br \/>\n<a href=\"http:\/\/www.maailmankirjat.ma-pe.net\/?p=2373\" target=\"_blank\" rel=\"noopener\">Maailmankirjat.net<\/a>\u00a017.1.2017<br \/>\n<a href=\"https:\/\/fabriikki8.fi\/wordpress\/wp-content\/uploads\/2017\/12\/pikku_pippuri_ts_29.4.pdf\" rel=\"\">Kurjimmista<\/a>\u00a0&#8211; Turun Sanomat 29.4.2017<br \/>\n<a href=\"http:\/\/www.kiiltomato.net\/alain-mabanckou-pikku-pippuri\/\" target=\"_blank\" rel=\"noopener\">Kiiltomato.net<\/a>\u00a011.6.2017<br \/>\n<a href=\"http:\/\/kirjapolkuni.blogspot.fi\/2016\/12\/alain-mabanckou-pikku-pippuri.html\" target=\"_blank\" rel=\"noopener\">Kirjapolkuni-blogi<\/a><br \/>\n<a href=\"http:\/\/kristankirjat.blogspot.fi\/2016\/12\/alain-mabanckou-pikku-pippuri.html\" target=\"_blank\" rel=\"noopener\">Lukutoukan kulttuuriblogi<\/a><br \/>\n<a href=\"http:\/\/mummomatkalla.blogspot.fi\/2016\/11\/alain-mabanckou-pikku-pippuri-petit.html\" target=\"_blank\" rel=\"noopener\">Mummo matkala -blogi<br \/>\n<\/a><a href=\"http:\/\/readerwhydidimarryhim.blogspot.fi\/2017\/05\/alain-mabanckou-pikku-pippuri.html\" target=\"_blank\" rel=\"noopener\">Reader why did I marry him? -blogi<\/a><\/p>\n\n<!-- Facebook Like Button Vivacity Infotech BEGIN -->\n<fb:like href=\"https:\/\/fabriikki8.fi\/wordpress\/kustannus\/alain-mabanckou-pikku-pippuri\/\" layout=\"button_count\" show_faces=\"false\" width=\"450\" action=\"like\" colorscheme=\"light\"><\/fb:like>\n<!-- Facebook Like Button Vivacity Infotech END -->\n","protected":false},"excerpt":{"rendered":"<p>Satiirinen\u00a0kertomus Kongon ep\u00e4tasa-arvon kyll\u00e4st\u00e4milt\u00e4 kujilta Alain Mabanckoun\u00a0Pikku Pippuri\u00a0(Petit Piment, 2015, suom.\u00a0Saana Rusi) on veijarimainen kasvutarina ja absurdi poliittinen satiiri Kongon 1970-luvun sosialistisen vallankumouksen kuohuista. Pikku Pippuri kasvaa Dieudonn\u00e9 Ngulmumakon rautaisin ottein johtamassa orpokodissa, kunnes vallankumous jakaa kaikille uudet kortit. Pikku Pippuri ottaa kohtalonsa omiin k\u00e4siins\u00e4 ja karkaa satamakaupunki Pointe-Noireen. Onni johdattaa h\u00e4net Mama Fiat 500:&#8230;<\/p>\n","protected":false},"author":1,"featured_media":0,"parent":610,"menu_order":0,"comment_status":"closed","ping_status":"closed","template":"","meta":{"footnotes":""},"class_list":["post-977","page","type-page","status-publish","hentry","page-entry","loop-entry clr"],"_links":{"self":[{"href":"https:\/\/fabriikki8.fi\/wordpress\/wp-json\/wp\/v2\/pages\/977","targetHints":{"allow":["GET"]}}],"collection":[{"href":"https:\/\/fabriikki8.fi\/wordpress\/wp-json\/wp\/v2\/pages"}],"about":[{"href":"https:\/\/fabriikki8.fi\/wordpress\/wp-json\/wp\/v2\/types\/page"}],"author":[{"embeddable":true,"href":"https:\/\/fabriikki8.fi\/wordpress\/wp-json\/wp\/v2\/users\/1"}],"replies":[{"embeddable":true,"href":"https:\/\/fabriikki8.fi\/wordpress\/wp-json\/wp\/v2\/comments?post=977"}],"version-history":[{"count":4,"href":"https:\/\/fabriikki8.fi\/wordpress\/wp-json\/wp\/v2\/pages\/977\/revisions"}],"predecessor-version":[{"id":1276,"href":"https:\/\/fabriikki8.fi\/wordpress\/wp-json\/wp\/v2\/pages\/977\/revisions\/1276"}],"up":[{"embeddable":true,"href":"https:\/\/fabriikki8.fi\/wordpress\/wp-json\/wp\/v2\/pages\/610"}],"wp:attachment":[{"href":"https:\/\/fabriikki8.fi\/wordpress\/wp-json\/wp\/v2\/media?parent=977"}],"curies":[{"name":"wp","href":"https:\/\/api.w.org\/{rel}","templated":true}]}}