{"id":610,"date":"2015-10-13T19:02:49","date_gmt":"2015-10-13T16:02:49","guid":{"rendered":"http:\/\/fabriikki8.fi\/?page_id=610"},"modified":"2023-02-14T15:38:19","modified_gmt":"2023-02-14T13:38:19","slug":"kustannus","status":"publish","type":"page","link":"https:\/\/fabriikki8.fi\/wordpress\/kustannus\/","title":{"rendered":"Fabriikki Kustannus"},"content":{"rendered":"<div class=\"wp-block-image\">\n<figure class=\"alignleft\"><a href=\"https:\/\/fabriikki8.fi\/wordpress\/wp-content\/uploads\/2015\/10\/fabriikki_kustannus_musta_print-01.png\" rel=\"attachment wp-att-635\"><img loading=\"lazy\" decoding=\"async\" width=\"150\" height=\"150\" src=\"https:\/\/fabriikki8.fi\/wordpress\/wp-content\/uploads\/2015\/10\/fabriikki_kustannus_musta_print-01-150x150.png\" alt=\"fabriikki_kustannus_musta_print-01\" class=\"wp-image-635\" srcset=\"https:\/\/fabriikki8.fi\/wordpress\/wp-content\/uploads\/2015\/10\/fabriikki_kustannus_musta_print-01-150x150.png 150w, https:\/\/fabriikki8.fi\/wordpress\/wp-content\/uploads\/2015\/10\/fabriikki_kustannus_musta_print-01.png 284w\" sizes=\"auto, (max-width: 150px) 100vw, 150px\" \/><\/a><\/figure>\n<\/div>\n\n\n<p>Fabriikki Kustannus on vuonna 2016 perustettu, suomennettuun kaunokirjallisuuteen keskittyv\u00e4 osuuskuntakustantamo. Julkaisemme vuodessa nelj\u00e4 pient\u00e4&nbsp;mestariteosta, joista et v\u00e4ltt\u00e4m\u00e4tt\u00e4 muuten koskaan kuulisi.<\/p>\n\n\n\n<div class=\"wp-block-buttons is-layout-flex wp-block-buttons-is-layout-flex\">\n<div class=\"wp-block-button is-style-fill\"><a class=\"wp-block-button__link has-vivid-green-cyan-background-color has-background wp-element-button\" href=\"https:\/\/holvi.com\/shop\/fabriikki8\" style=\"border-radius:31px\" target=\"_blank\" rel=\"noreferrer noopener\">Verkkokauppaan &gt;&gt;<\/a><\/div>\n<\/div>\n\n\n\n<p><\/p>\n\n\n\n<p>Vuoden 2017 teemamme oli <strong>kokeellinen kerronta<\/strong>, ja vuonna 2018 julkaisemme vain <strong>naiskirjailijoiden teoksia<\/strong>. Vuodesta 2019 alkaa <strong>ep\u00e4tavallisten todellisuuksien<\/strong> teemakokonaisuus, ja sit\u00e4 seuraava teema on <strong>maailmankansalaisuus<\/strong><\/p>\n\n\n\n<figure class=\"wp-block-gallery has-nested-images columns-3 is-cropped wp-block-gallery-1 is-layout-flex wp-block-gallery-is-layout-flex\">\n<figure class=\"wp-block-image size-large\"><a href=\"https:\/\/fabriikki8.fi\/wordpress\/kustannus\/zigmunds-skujins-latvialainen-domino\/latvialainen-domino_etukansi\/\"><img loading=\"lazy\" decoding=\"async\" width=\"618\" height=\"936\" data-id=\"1243\" src=\"https:\/\/fabriikki8.fi\/wordpress\/wp-content\/uploads\/2022\/10\/latvialainen-domino_etukansi.jpg\" alt=\"Latvialainen domino\" class=\"wp-image-1243\" srcset=\"https:\/\/fabriikki8.fi\/wordpress\/wp-content\/uploads\/2022\/10\/latvialainen-domino_etukansi.jpg 618w, https:\/\/fabriikki8.fi\/wordpress\/wp-content\/uploads\/2022\/10\/latvialainen-domino_etukansi-198x300.jpg 198w, https:\/\/fabriikki8.fi\/wordpress\/wp-content\/uploads\/2022\/10\/latvialainen-domino_etukansi-99x150.jpg 99w\" sizes=\"auto, (max-width: 618px) 100vw, 618px\" \/><\/a><figcaption class=\"wp-element-caption\"><a href=\"https:\/\/fabriikki8.fi\/wordpress\/kustannus\/zigmunds-skujins-latvialainen-domino\/\" data-type=\"page\" data-id=\"1242\"><span class=\"has-inline-color has-white-color\">Zigmunds Skuji\u0146\u0161: Latvialainen domino (Miesas krasas domino, 1999\/2020) Suom. Annika Suna.  ISBN 978-952-69000-8-7. 301 S., NID.<\/span><\/a><\/figcaption><\/figure>\n\n\n\n<figure class=\"wp-block-image size-large\"><a href=\"https:\/\/fabriikki8.fi\/wordpress\/kustannus\/juan-jose-saer-pilvet\/pilvet_etukansi\/\"><img loading=\"lazy\" decoding=\"async\" width=\"612\" height=\"926\" data-id=\"1239\" src=\"https:\/\/fabriikki8.fi\/wordpress\/wp-content\/uploads\/2022\/10\/pilvet_etukansi.jpg\" alt=\"Juan Jose Saer: Pilvet\" class=\"wp-image-1239\" srcset=\"https:\/\/fabriikki8.fi\/wordpress\/wp-content\/uploads\/2022\/10\/pilvet_etukansi.jpg 612w, https:\/\/fabriikki8.fi\/wordpress\/wp-content\/uploads\/2022\/10\/pilvet_etukansi-198x300.jpg 198w, https:\/\/fabriikki8.fi\/wordpress\/wp-content\/uploads\/2022\/10\/pilvet_etukansi-99x150.jpg 99w\" sizes=\"auto, (max-width: 612px) 100vw, 612px\" \/><\/a><figcaption class=\"wp-element-caption\"><a href=\"https:\/\/fabriikki8.fi\/wordpress\/kustannus\/juan-jose-saer-pilvet\/\" data-type=\"page\" data-id=\"1238\"><span class=\"has-inline-color has-white-color\">Juan Jos\u00e9 Saer: Pilvet (Las Nubes, 1997) Suom. Arto Rintala.  ISBN 978-952-69000-7-0. 188 S., NID.<\/span><\/a><\/figcaption><\/figure>\n\n\n\n<figure class=\"wp-block-image size-large\"><a href=\"https:\/\/fabriikki8.fi\/wordpress\/kustannus\/antonio-lobo-antunes-purret\/purret_etukansi\/\"><img loading=\"lazy\" decoding=\"async\" width=\"661\" height=\"1024\" data-id=\"1218\" src=\"https:\/\/fabriikki8.fi\/wordpress\/wp-content\/uploads\/2021\/04\/purret_etukansi-661x1024.jpg\" alt=\"Antonio Lobo Antunes: Purret\" class=\"wp-image-1218\" srcset=\"https:\/\/fabriikki8.fi\/wordpress\/wp-content\/uploads\/2021\/04\/purret_etukansi-661x1024.jpg 661w, https:\/\/fabriikki8.fi\/wordpress\/wp-content\/uploads\/2021\/04\/purret_etukansi-194x300.jpg 194w, https:\/\/fabriikki8.fi\/wordpress\/wp-content\/uploads\/2021\/04\/purret_etukansi-768x1190.jpg 768w, https:\/\/fabriikki8.fi\/wordpress\/wp-content\/uploads\/2021\/04\/purret_etukansi-991x1536.jpg 991w, https:\/\/fabriikki8.fi\/wordpress\/wp-content\/uploads\/2021\/04\/purret_etukansi-1321x2048.jpg 1321w, https:\/\/fabriikki8.fi\/wordpress\/wp-content\/uploads\/2021\/04\/purret_etukansi-97x150.jpg 97w, https:\/\/fabriikki8.fi\/wordpress\/wp-content\/uploads\/2021\/04\/purret_etukansi.jpg 1544w\" sizes=\"auto, (max-width: 661px) 100vw, 661px\" \/><\/a><figcaption class=\"wp-element-caption\"><a href=\"https:\/\/fabriikki8.fi\/wordpress\/kustannus\/antonio-lobo-antunes-purret\/\" data-type=\"page\" data-id=\"1217\"><span class=\"has-inline-color has-white-color\">Antonio Lobo Antunes: Purret (An naus, 1988). Suom. Arto Rintala. ISBN 978-952-69000-6-3. 204 S., NID.<\/span><\/a><\/figcaption><\/figure>\n\n\n\n<figure class=\"wp-block-image size-large\"><a href=\"https:\/\/fabriikki8.fi\/wordpress\/kustannus\/sebnem-isiguzel-tytto-puussa\/tytto-puussa-etukansi\/\"><img loading=\"lazy\" decoding=\"async\" width=\"698\" height=\"1024\" data-id=\"1210\" src=\"https:\/\/fabriikki8.fi\/wordpress\/wp-content\/uploads\/2020\/11\/Tytt\u00f6-puussa-etukansi-698x1024.jpg\" alt=\"\" class=\"wp-image-1210\" srcset=\"https:\/\/fabriikki8.fi\/wordpress\/wp-content\/uploads\/2020\/11\/Tytt\u00f6-puussa-etukansi-698x1024.jpg 698w, https:\/\/fabriikki8.fi\/wordpress\/wp-content\/uploads\/2020\/11\/Tytt\u00f6-puussa-etukansi-204x300.jpg 204w, https:\/\/fabriikki8.fi\/wordpress\/wp-content\/uploads\/2020\/11\/Tytt\u00f6-puussa-etukansi-768x1127.jpg 768w, https:\/\/fabriikki8.fi\/wordpress\/wp-content\/uploads\/2020\/11\/Tytt\u00f6-puussa-etukansi-102x150.jpg 102w, https:\/\/fabriikki8.fi\/wordpress\/wp-content\/uploads\/2020\/11\/Tytt\u00f6-puussa-etukansi.jpg 1656w\" sizes=\"auto, (max-width: 698px) 100vw, 698px\" \/><\/a><figcaption class=\"wp-element-caption\"><a href=\"https:\/\/fabriikki8.fi\/wordpress\/kustannus\/sebnem-isiguzel-tytto-puussa\/\" data-type=\"page\" data-id=\"1209\"><span class=\"has-inline-color has-white-color\">\u015eebnem \u0130\u015fig\u00fczel: Tytt\u00f6 puussa (A\u011fa\u00e7taki K\u0131z, 2016). Suom. Tuula Kojo. ISBN 978-952-69000-5-6. 348 s. Nid.<\/span><\/a><\/figcaption><\/figure>\n\n\n\n<figure class=\"wp-block-image size-large\"><a href=\"https:\/\/fabriikki8.fi\/wordpress\/kustannus\/jean-marie-blas-de-robles-point-nemon-saari\/point-nemon-saari_etukansi\/\"><img loading=\"lazy\" decoding=\"async\" width=\"681\" height=\"1024\" data-id=\"1200\" src=\"https:\/\/fabriikki8.fi\/wordpress\/wp-content\/uploads\/2020\/04\/Point-Nemon-saari_etukansi-681x1024.jpg\" alt=\"\" class=\"wp-image-1200\" srcset=\"https:\/\/fabriikki8.fi\/wordpress\/wp-content\/uploads\/2020\/04\/Point-Nemon-saari_etukansi-681x1024.jpg 681w, https:\/\/fabriikki8.fi\/wordpress\/wp-content\/uploads\/2020\/04\/Point-Nemon-saari_etukansi-199x300.jpg 199w, https:\/\/fabriikki8.fi\/wordpress\/wp-content\/uploads\/2020\/04\/Point-Nemon-saari_etukansi-768x1156.jpg 768w, https:\/\/fabriikki8.fi\/wordpress\/wp-content\/uploads\/2020\/04\/Point-Nemon-saari_etukansi-100x150.jpg 100w, https:\/\/fabriikki8.fi\/wordpress\/wp-content\/uploads\/2020\/04\/Point-Nemon-saari_etukansi.jpg 1617w\" sizes=\"auto, (max-width: 681px) 100vw, 681px\" \/><\/a><figcaption class=\"wp-element-caption\"><a href=\"https:\/\/fabriikki8.fi\/wordpress\/kustannus\/jean-marie-blas-de-robles-point-nemon-saari\/\" data-type=\"page\" data-id=\"1199\"><span class=\"has-inline-color has-white-color\">Jean-Marie Blas de Robl\u00e8s: Point Nemon saari (L&#8217;Ile du Point Nemo, 2014). Suom. Saana Rusi. ISBN 978-952-69000-4-9. 420 s. Nid.<\/span><\/a><\/figcaption><\/figure>\n\n\n\n<figure class=\"wp-block-image size-large\"><a href=\"https:\/\/fabriikki8.fi\/wordpress\/kustannus\/jesus-carrasco-taivasalla\/taivasalla_etukansi\/\"><img loading=\"lazy\" decoding=\"async\" width=\"671\" height=\"1024\" data-id=\"1190\" src=\"https:\/\/fabriikki8.fi\/wordpress\/wp-content\/uploads\/2019\/08\/taivasalla_etukansi-671x1024.jpg\" alt=\"\" class=\"wp-image-1190\" srcset=\"https:\/\/fabriikki8.fi\/wordpress\/wp-content\/uploads\/2019\/08\/taivasalla_etukansi-671x1024.jpg 671w, https:\/\/fabriikki8.fi\/wordpress\/wp-content\/uploads\/2019\/08\/taivasalla_etukansi-197x300.jpg 197w, https:\/\/fabriikki8.fi\/wordpress\/wp-content\/uploads\/2019\/08\/taivasalla_etukansi-768x1172.jpg 768w, https:\/\/fabriikki8.fi\/wordpress\/wp-content\/uploads\/2019\/08\/taivasalla_etukansi-98x150.jpg 98w, https:\/\/fabriikki8.fi\/wordpress\/wp-content\/uploads\/2019\/08\/taivasalla_etukansi.jpg 1548w\" sizes=\"auto, (max-width: 671px) 100vw, 671px\" \/><\/a><figcaption class=\"wp-element-caption\"><a href=\"https:\/\/fabriikki8.fi\/wordpress\/kustannus\/jesus-carrasco-taivasalla\/\" data-type=\"page\" data-id=\"1188\"><span class=\"has-inline-color has-white-color\">Jes\u00fas Carrasco: Taivasalla (Intemperie, 2013). Suom. Laura Vesanto. ISBN 978-952-69000-3-2, 173 s., nid.<\/span><\/a><\/figcaption><\/figure>\n\n\n\n<figure class=\"wp-block-image size-large\"><a href=\"https:\/\/fabriikki8.fi\/wordpress\/kustannus\/muistelmat_lumessa_kannet\/\"><img loading=\"lazy\" decoding=\"async\" width=\"702\" height=\"1024\" data-id=\"1156\" src=\"https:\/\/fabriikki8.fi\/wordpress\/wp-content\/uploads\/2018\/12\/Muistelmat_lumessa_kannet-702x1024.jpg\" alt=\"\" class=\"wp-image-1156\" srcset=\"https:\/\/fabriikki8.fi\/wordpress\/wp-content\/uploads\/2018\/12\/Muistelmat_lumessa_kannet-702x1024.jpg 702w, https:\/\/fabriikki8.fi\/wordpress\/wp-content\/uploads\/2018\/12\/Muistelmat_lumessa_kannet-206x300.jpg 206w, https:\/\/fabriikki8.fi\/wordpress\/wp-content\/uploads\/2018\/12\/Muistelmat_lumessa_kannet-768x1120.jpg 768w, https:\/\/fabriikki8.fi\/wordpress\/wp-content\/uploads\/2018\/12\/Muistelmat_lumessa_kannet-103x150.jpg 103w, https:\/\/fabriikki8.fi\/wordpress\/wp-content\/uploads\/2018\/12\/Muistelmat_lumessa_kannet.jpg 1613w\" sizes=\"auto, (max-width: 702px) 100vw, 702px\" \/><\/a><figcaption class=\"wp-element-caption\"><a href=\"https:\/\/fabriikki8.fi\/wordpress\/kustannus\/yoko-tawada-muistelmat-lumessa\/\" data-type=\"page\" data-id=\"1157\"><span class=\"has-inline-color has-white-color\">Yoko Tawada: Muistelmat&nbsp;lumessa (Et\u00fcden im Schnee, 2014). Suom. Meeri Allinen ja Erkki Vainikkala. ISBN&nbsp;978-952-69000-1-8. 280 s., nid.<\/span><\/a><\/figcaption><\/figure>\n\n\n\n<figure class=\"wp-block-image size-large\"><a href=\"https:\/\/fabriikki8.fi\/wordpress\/kustannus\/attachment\/9789526900001\/\"><img loading=\"lazy\" decoding=\"async\" width=\"664\" height=\"1024\" data-id=\"1139\" src=\"https:\/\/fabriikki8.fi\/wordpress\/wp-content\/uploads\/2015\/10\/9789526900001-664x1024.jpg\" alt=\"\" class=\"wp-image-1139\" srcset=\"https:\/\/fabriikki8.fi\/wordpress\/wp-content\/uploads\/2015\/10\/9789526900001-664x1024.jpg 664w, https:\/\/fabriikki8.fi\/wordpress\/wp-content\/uploads\/2015\/10\/9789526900001-195x300.jpg 195w, https:\/\/fabriikki8.fi\/wordpress\/wp-content\/uploads\/2015\/10\/9789526900001-768x1184.jpg 768w, https:\/\/fabriikki8.fi\/wordpress\/wp-content\/uploads\/2015\/10\/9789526900001-97x150.jpg 97w, https:\/\/fabriikki8.fi\/wordpress\/wp-content\/uploads\/2015\/10\/9789526900001.jpg 1521w\" sizes=\"auto, (max-width: 664px) 100vw, 664px\" \/><\/a><figcaption class=\"wp-element-caption\"><a href=\"https:\/\/fabriikki8.fi\/wordpress\/kustannus\/laia-jufresa-umami\/\" data-type=\"page\" data-id=\"1141\"><span class=\"has-inline-color has-white-color\">Laia Jufresa: Umami (Umami, 2014). Suom. Laura Vesanto. ISBN 978-952-69000-0-1.<\/span><\/a><\/figcaption><\/figure>\n\n\n\n<figure class=\"wp-block-image size-large\"><a href=\"https:\/\/fabriikki8.fi\/wordpress\/kustannus\/naistaraunioista_kansi\/\"><img loading=\"lazy\" decoding=\"async\" width=\"676\" height=\"1024\" data-id=\"1071\" src=\"https:\/\/fabriikki8.fi\/wordpress\/wp-content\/uploads\/2015\/10\/naistaraunioista_kansi-676x1024.jpg\" alt=\"\" class=\"wp-image-1071\" srcset=\"https:\/\/fabriikki8.fi\/wordpress\/wp-content\/uploads\/2015\/10\/naistaraunioista_kansi-676x1024.jpg 676w, https:\/\/fabriikki8.fi\/wordpress\/wp-content\/uploads\/2015\/10\/naistaraunioista_kansi-198x300.jpg 198w, https:\/\/fabriikki8.fi\/wordpress\/wp-content\/uploads\/2015\/10\/naistaraunioista_kansi-768x1163.jpg 768w, https:\/\/fabriikki8.fi\/wordpress\/wp-content\/uploads\/2015\/10\/naistaraunioista_kansi-99x150.jpg 99w, https:\/\/fabriikki8.fi\/wordpress\/wp-content\/uploads\/2015\/10\/naistaraunioista_kansi.jpg 1524w\" sizes=\"auto, (max-width: 676px) 100vw, 676px\" \/><\/a><figcaption class=\"wp-element-caption\"><a href=\"https:\/\/fabriikki8.fi\/wordpress\/kustannus\/ananda-devi-naista-raunioista\/\" data-type=\"page\" data-id=\"1073\"><span class=\"has-inline-color has-white-color\">Ananda Devi: N\u00e4ist\u00e4 raunioista (Eve de ses decombres, 2006). Suom. Saana Rusi.  ISBN 978-952-68456-8-5. 152 s., nid.<\/span><\/a><\/figcaption><\/figure>\n\n\n\n<figure class=\"wp-block-image size-large\"><a href=\"https:\/\/fabriikki8.fi\/wordpress\/kustannus\/attachment\/9789526845692\/\"><img loading=\"lazy\" decoding=\"async\" width=\"666\" height=\"1024\" data-id=\"1017\" src=\"https:\/\/fabriikki8.fi\/wordpress\/wp-content\/uploads\/2015\/10\/9789526845692-666x1024.jpg\" alt=\"\" class=\"wp-image-1017\" srcset=\"https:\/\/fabriikki8.fi\/wordpress\/wp-content\/uploads\/2015\/10\/9789526845692-666x1024.jpg 666w, https:\/\/fabriikki8.fi\/wordpress\/wp-content\/uploads\/2015\/10\/9789526845692-195x300.jpg 195w, https:\/\/fabriikki8.fi\/wordpress\/wp-content\/uploads\/2015\/10\/9789526845692-768x1182.jpg 768w, https:\/\/fabriikki8.fi\/wordpress\/wp-content\/uploads\/2015\/10\/9789526845692-97x150.jpg 97w, https:\/\/fabriikki8.fi\/wordpress\/wp-content\/uploads\/2015\/10\/9789526845692.jpg 1539w\" sizes=\"auto, (max-width: 666px) 100vw, 666px\" \/><\/a><figcaption class=\"wp-element-caption\"><a href=\"https:\/\/fabriikki8.fi\/wordpress\/kustannus\/shirley-jackson-linna-on-aina-ollut-kotimme\/\" data-type=\"page\" data-id=\"1020\"><span class=\"has-inline-color has-white-color\">Shirley Jackson:&nbsp;Linna on aina ollut kotimme&nbsp;(We Have Always Lived in the Castle, 1962). Suom. Laura Vesanto. ISBN 978-952-68456-9-2. 204 s., nid. <\/span><\/a><\/figcaption><\/figure>\n\n\n\n<figure class=\"wp-block-image size-large\"><a href=\"https:\/\/fabriikki8.fi\/wordpress\/kustannus\/attachment\/9789526845678\/\"><img loading=\"lazy\" decoding=\"async\" width=\"681\" height=\"1024\" data-id=\"930\" src=\"https:\/\/fabriikki8.fi\/wordpress\/wp-content\/uploads\/2015\/10\/9789526845678-e1507106575158-681x1024.jpg\" alt=\"\" class=\"wp-image-930\" srcset=\"https:\/\/fabriikki8.fi\/wordpress\/wp-content\/uploads\/2015\/10\/9789526845678-e1507106575158-681x1024.jpg 681w, https:\/\/fabriikki8.fi\/wordpress\/wp-content\/uploads\/2015\/10\/9789526845678-e1507106575158-199x300.jpg 199w, https:\/\/fabriikki8.fi\/wordpress\/wp-content\/uploads\/2015\/10\/9789526845678-e1507106575158-768x1155.jpg 768w, https:\/\/fabriikki8.fi\/wordpress\/wp-content\/uploads\/2015\/10\/9789526845678-e1507106575158-100x150.jpg 100w, https:\/\/fabriikki8.fi\/wordpress\/wp-content\/uploads\/2015\/10\/9789526845678-e1507106575158.jpg 917w\" sizes=\"auto, (max-width: 681px) 100vw, 681px\" \/><\/a><figcaption class=\"wp-element-caption\"><a href=\"https:\/\/fabriikki8.fi\/wordpress\/kustannus\/alejandro-zambra-kotiinpaluun-tapoja\/\" data-type=\"page\" data-id=\"967\"><span class=\"has-inline-color has-white-color\">Alejandro Zambra: Kotiinpaluun tapoja (Formas de volver a casa, 2011). Suom. Laura Vesanto. ISBN 978-952-68456-7-8, 155 s.,nid.<\/span><\/a><\/figcaption><\/figure>\n\n\n\n<figure class=\"wp-block-image size-large\"><a href=\"https:\/\/fabriikki8.fi\/wordpress\/kustannus\/islannissa-ei-ole-perhosia_kansi\/\"><img loading=\"lazy\" decoding=\"async\" width=\"674\" height=\"1024\" data-id=\"913\" src=\"https:\/\/fabriikki8.fi\/wordpress\/wp-content\/uploads\/2015\/10\/Islannissa-ei-ole-perhosia_kansi-674x1024.png\" alt=\"\" class=\"wp-image-913\" srcset=\"https:\/\/fabriikki8.fi\/wordpress\/wp-content\/uploads\/2015\/10\/Islannissa-ei-ole-perhosia_kansi-674x1024.png 674w, https:\/\/fabriikki8.fi\/wordpress\/wp-content\/uploads\/2015\/10\/Islannissa-ei-ole-perhosia_kansi-198x300.png 198w, https:\/\/fabriikki8.fi\/wordpress\/wp-content\/uploads\/2015\/10\/Islannissa-ei-ole-perhosia_kansi-768x1167.png 768w, https:\/\/fabriikki8.fi\/wordpress\/wp-content\/uploads\/2015\/10\/Islannissa-ei-ole-perhosia_kansi-99x150.png 99w, https:\/\/fabriikki8.fi\/wordpress\/wp-content\/uploads\/2015\/10\/Islannissa-ei-ole-perhosia_kansi.png 844w\" sizes=\"auto, (max-width: 674px) 100vw, 674px\" \/><\/a><figcaption class=\"wp-element-caption\"><a href=\"https:\/\/fabriikki8.fi\/wordpress\/kustannus\/katlin-kaldmaa-islannissa-ei-ole-perhosia\/\" data-type=\"page\" data-id=\"970\"><span class=\"has-inline-color has-white-color\">K\u00e4tlin Kaldmaa: Islannissa ei ole perhosia (Islandil ei ole liblikaid, 2013). Suom. Outi Hyt\u00f6nen. ISBN 978-952-68456-6-1, 352 s., nid.<\/span><\/a><\/figcaption><\/figure>\n\n\n\n<figure class=\"wp-block-image size-large\"><a href=\"https:\/\/fabriikki8.fi\/wordpress\/kustannus\/attachment\/9789526845647\/\"><img loading=\"lazy\" decoding=\"async\" width=\"675\" height=\"1024\" data-id=\"905\" src=\"https:\/\/fabriikki8.fi\/wordpress\/wp-content\/uploads\/2015\/10\/9789526845647-675x1024.png\" alt=\"\" class=\"wp-image-905\" srcset=\"https:\/\/fabriikki8.fi\/wordpress\/wp-content\/uploads\/2015\/10\/9789526845647-675x1024.png 675w, https:\/\/fabriikki8.fi\/wordpress\/wp-content\/uploads\/2015\/10\/9789526845647-198x300.png 198w, https:\/\/fabriikki8.fi\/wordpress\/wp-content\/uploads\/2015\/10\/9789526845647-768x1165.png 768w, https:\/\/fabriikki8.fi\/wordpress\/wp-content\/uploads\/2015\/10\/9789526845647-99x150.png 99w, https:\/\/fabriikki8.fi\/wordpress\/wp-content\/uploads\/2015\/10\/9789526845647.png 800w\" sizes=\"auto, (max-width: 675px) 100vw, 675px\" \/><\/a><figcaption class=\"wp-element-caption\"><a href=\"https:\/\/fabriikki8.fi\/wordpress\/kustannus\/sasa-stanisic-ennen-juhlaa\/\" data-type=\"page\" data-id=\"973\"><span class=\"has-inline-color has-white-color\">Sa\u0161a Stani\u0161i\u0107: Ennen juhlaa (Vor dem Fest, 2015). Suom. Meeri Allinen. ISBN 978-952-68456-4-7. 368 s., nid.<\/span><\/a><\/figcaption><\/figure>\n\n\n\n<figure class=\"wp-block-image size-large\"><a href=\"https:\/\/fabriikki8.fi\/wordpress\/?attachment_id=789\"><img loading=\"lazy\" decoding=\"async\" width=\"657\" height=\"997\" data-id=\"789\" src=\"https:\/\/fabriikki8.fi\/wordpress\/wp-content\/uploads\/2017\/01\/9789526845654.jpg\" alt=\"\" class=\"wp-image-789\" srcset=\"https:\/\/fabriikki8.fi\/wordpress\/wp-content\/uploads\/2017\/01\/9789526845654.jpg 657w, https:\/\/fabriikki8.fi\/wordpress\/wp-content\/uploads\/2017\/01\/9789526845654-198x300.jpg 198w, https:\/\/fabriikki8.fi\/wordpress\/wp-content\/uploads\/2017\/01\/9789526845654-99x150.jpg 99w\" sizes=\"auto, (max-width: 657px) 100vw, 657px\" \/><\/a><figcaption class=\"wp-element-caption\"><a href=\"https:\/\/fabriikki8.fi\/wordpress\/kustannus\/juan-tomas-avila-laurel-yossa-vuori-roihuaa\/\" data-type=\"page\" data-id=\"961\"><span class=\"has-inline-color has-white-color\">Juan Tom\u00e1s \u00c1vila Laurel: Y\u00f6ss\u00e4 vuori roihuaa (Arde el Monte de Noche). Suom. Laura Vesanto. ISBN: 9789526845654.<\/span><\/a><\/figcaption><\/figure>\n\n\n\n<figure class=\"wp-block-image size-large\"><a href=\"https:\/\/fabriikki8.fi\/wordpress\/9789526845623\/\"><img loading=\"lazy\" decoding=\"async\" width=\"657\" height=\"1024\" data-id=\"745\" src=\"https:\/\/fabriikki8.fi\/wordpress\/wp-content\/uploads\/2016\/09\/9789526845623-657x1024.jpg\" alt=\"\" class=\"wp-image-745\" srcset=\"https:\/\/fabriikki8.fi\/wordpress\/wp-content\/uploads\/2016\/09\/9789526845623-657x1024.jpg 657w, https:\/\/fabriikki8.fi\/wordpress\/wp-content\/uploads\/2016\/09\/9789526845623-192x300.jpg 192w, https:\/\/fabriikki8.fi\/wordpress\/wp-content\/uploads\/2016\/09\/9789526845623-768x1198.jpg 768w, https:\/\/fabriikki8.fi\/wordpress\/wp-content\/uploads\/2016\/09\/9789526845623-96x150.jpg 96w, https:\/\/fabriikki8.fi\/wordpress\/wp-content\/uploads\/2016\/09\/9789526845623.jpg 1589w\" sizes=\"auto, (max-width: 657px) 100vw, 657px\" \/><\/a><figcaption class=\"wp-element-caption\"><a href=\"https:\/\/fabriikki8.fi\/wordpress\/kustannus\/alain-mabanckou-pikku-pippuri\/\" data-type=\"page\" data-id=\"977\"><span class=\"has-inline-color has-white-color\">Alain Mabanckou: Pikku Pippuri. Suom. Saana Rusi. ISBN 978952684562<\/span>3.<\/a><\/figcaption><\/figure>\n\n\n\n<figure class=\"wp-block-image size-large\"><a href=\"https:\/\/fabriikki8.fi\/wordpress\/kustannus\/elizabeth-harrower-tietyissa-piireissa-isbn-978-952-68456-3-0\/\"><img loading=\"lazy\" decoding=\"async\" width=\"663\" height=\"1024\" data-id=\"723\" src=\"https:\/\/fabriikki8.fi\/wordpress\/wp-content\/uploads\/2015\/10\/Elizabeth-Harrower-Tietyiss\u00e4-Piireiss\u00e4-ISBN-978-952-68456-3-0-663x1024.png\" alt=\"\" class=\"wp-image-723\" srcset=\"https:\/\/fabriikki8.fi\/wordpress\/wp-content\/uploads\/2015\/10\/Elizabeth-Harrower-Tietyiss\u00e4-Piireiss\u00e4-ISBN-978-952-68456-3-0-663x1024.png 663w, https:\/\/fabriikki8.fi\/wordpress\/wp-content\/uploads\/2015\/10\/Elizabeth-Harrower-Tietyiss\u00e4-Piireiss\u00e4-ISBN-978-952-68456-3-0-194x300.png 194w, https:\/\/fabriikki8.fi\/wordpress\/wp-content\/uploads\/2015\/10\/Elizabeth-Harrower-Tietyiss\u00e4-Piireiss\u00e4-ISBN-978-952-68456-3-0-768x1186.png 768w, https:\/\/fabriikki8.fi\/wordpress\/wp-content\/uploads\/2015\/10\/Elizabeth-Harrower-Tietyiss\u00e4-Piireiss\u00e4-ISBN-978-952-68456-3-0-97x150.png 97w, https:\/\/fabriikki8.fi\/wordpress\/wp-content\/uploads\/2015\/10\/Elizabeth-Harrower-Tietyiss\u00e4-Piireiss\u00e4-ISBN-978-952-68456-3-0.png 786w\" sizes=\"auto, (max-width: 663px) 100vw, 663px\" \/><\/a><figcaption class=\"wp-element-caption\"><a href=\"https:\/\/fabriikki8.fi\/wordpress\/kustannus\/elizabeth-harrower-tietyissa-piireissa\/\" data-type=\"page\" data-id=\"980\"><span class=\"has-inline-color has-white-color\">Elizabeth Harrower: Tietyiss\u00e4 piireiss\u00e4. Suomentanut Laura Vesanto. 224 s, nidottu. ISBN  978-952-68456-3-0.<\/span><\/a><\/figcaption><\/figure>\n\n\n\n<figure class=\"wp-block-image size-large\"><a href=\"https:\/\/fabriikki8.fi\/wordpress\/kustannus\/attachment\/9789526845616\/\"><img loading=\"lazy\" decoding=\"async\" width=\"601\" height=\"937\" data-id=\"658\" src=\"https:\/\/fabriikki8.fi\/wordpress\/wp-content\/uploads\/2015\/10\/9789526845616.jpg\" alt=\"\" class=\"wp-image-658\" srcset=\"https:\/\/fabriikki8.fi\/wordpress\/wp-content\/uploads\/2015\/10\/9789526845616.jpg 601w, https:\/\/fabriikki8.fi\/wordpress\/wp-content\/uploads\/2015\/10\/9789526845616-192x300.jpg 192w, https:\/\/fabriikki8.fi\/wordpress\/wp-content\/uploads\/2015\/10\/9789526845616-96x150.jpg 96w\" sizes=\"auto, (max-width: 601px) 100vw, 601px\" \/><\/a><figcaption class=\"wp-element-caption\"><a href=\"https:\/\/fabriikki8.fi\/wordpress\/kustannus\/deborah-levy-uiden-kotiin\/\" data-type=\"page\" data-id=\"983\"><span class=\"has-inline-color has-white-color\">Deborah Levy: Uiden kotiin (Swimming Home 2011) Suom. Laura Vesanto ISBN: 978-952-68456-1-6, nid., 144 s.<\/span><\/a><\/figcaption><\/figure>\n\n\n\n<figure class=\"wp-block-image size-large\"><a href=\"https:\/\/fabriikki8.fi\/wordpress\/kustannus\/is_kansi_kauppa\/\"><img loading=\"lazy\" decoding=\"async\" width=\"510\" height=\"774\" data-id=\"633\" src=\"https:\/\/fabriikki8.fi\/wordpress\/wp-content\/uploads\/2015\/10\/IS_kansi_kauppa.jpg\" alt=\"\" class=\"wp-image-633\" srcset=\"https:\/\/fabriikki8.fi\/wordpress\/wp-content\/uploads\/2015\/10\/IS_kansi_kauppa.jpg 510w, https:\/\/fabriikki8.fi\/wordpress\/wp-content\/uploads\/2015\/10\/IS_kansi_kauppa-197x300.jpg 197w, https:\/\/fabriikki8.fi\/wordpress\/wp-content\/uploads\/2015\/10\/IS_kansi_kauppa-98x150.jpg 98w\" sizes=\"auto, (max-width: 510px) 100vw, 510px\" \/><\/a><figcaption class=\"wp-element-caption\"><a href=\"https:\/\/fabriikki8.fi\/wordpress\/kustannus\/laura-restrepo-intohimon-saari\/\" data-type=\"page\" data-id=\"986\"><span class=\"has-inline-color has-white-color\">Laura Restrepo: Intohimon saari (La Isla de la Pasi\u00f3n, 1989). Suom. Laura Vesanto. ISBN: 9789526845609. <\/span><\/a><\/figcaption><\/figure>\n<\/figure>\n\n<!-- Facebook Like Button Vivacity Infotech BEGIN -->\n<fb:like href=\"https:\/\/fabriikki8.fi\/wordpress\/kustannus\/\" layout=\"button_count\" show_faces=\"false\" width=\"450\" action=\"like\" colorscheme=\"light\"><\/fb:like>\n<!-- Facebook Like Button Vivacity Infotech END -->\n","protected":false},"excerpt":{"rendered":"<p>Fabriikki Kustannus on vuonna 2016 perustettu, suomennettuun kaunokirjallisuuteen keskittyv\u00e4 osuuskuntakustantamo. Julkaisemme vuodessa nelj\u00e4 pient\u00e4&nbsp;mestariteosta, joista et v\u00e4ltt\u00e4m\u00e4tt\u00e4 muuten koskaan kuulisi. Vuoden 2017 teemamme oli kokeellinen kerronta, ja vuonna 2018 julkaisemme vain naiskirjailijoiden teoksia. Vuodesta 2019 alkaa ep\u00e4tavallisten todellisuuksien teemakokonaisuus, ja sit\u00e4 seuraava teema on maailmankansalaisuus<\/p>\n","protected":false},"author":1,"featured_media":0,"parent":0,"menu_order":0,"comment_status":"closed","ping_status":"closed","template":"","meta":{"footnotes":""},"class_list":["post-610","page","type-page","status-publish","hentry","page-entry","loop-entry clr"],"_links":{"self":[{"href":"https:\/\/fabriikki8.fi\/wordpress\/wp-json\/wp\/v2\/pages\/610","targetHints":{"allow":["GET"]}}],"collection":[{"href":"https:\/\/fabriikki8.fi\/wordpress\/wp-json\/wp\/v2\/pages"}],"about":[{"href":"https:\/\/fabriikki8.fi\/wordpress\/wp-json\/wp\/v2\/types\/page"}],"author":[{"embeddable":true,"href":"https:\/\/fabriikki8.fi\/wordpress\/wp-json\/wp\/v2\/users\/1"}],"replies":[{"embeddable":true,"href":"https:\/\/fabriikki8.fi\/wordpress\/wp-json\/wp\/v2\/comments?post=610"}],"version-history":[{"count":159,"href":"https:\/\/fabriikki8.fi\/wordpress\/wp-json\/wp\/v2\/pages\/610\/revisions"}],"predecessor-version":[{"id":1275,"href":"https:\/\/fabriikki8.fi\/wordpress\/wp-json\/wp\/v2\/pages\/610\/revisions\/1275"}],"wp:attachment":[{"href":"https:\/\/fabriikki8.fi\/wordpress\/wp-json\/wp\/v2\/media?parent=610"}],"curies":[{"name":"wp","href":"https:\/\/api.w.org\/{rel}","templated":true}]}}