{"id":1238,"date":"2022-10-17T15:36:00","date_gmt":"2022-10-17T12:36:00","guid":{"rendered":"http:\/\/fabriikki8.fi\/?page_id=1238"},"modified":"2023-02-20T14:21:04","modified_gmt":"2023-02-20T12:21:04","slug":"juan-jose-saer-pilvet","status":"publish","type":"page","link":"https:\/\/fabriikki8.fi\/wordpress\/kustannus\/juan-jose-saer-pilvet\/","title":{"rendered":"Juan Jos\u00e9 Saer: Pilvet"},"content":{"rendered":"\n<figure class=\"wp-block-image size-large is-resized\"><img decoding=\"async\" src=\"https:\/\/fabriikki8.fi\/wordpress\/wp-content\/uploads\/2022\/10\/pilvet_etukansi.jpg\" alt=\"\" class=\"wp-image-1239\" width=\"300\" srcset=\"https:\/\/fabriikki8.fi\/wordpress\/wp-content\/uploads\/2022\/10\/pilvet_etukansi.jpg 612w, https:\/\/fabriikki8.fi\/wordpress\/wp-content\/uploads\/2022\/10\/pilvet_etukansi-198x300.jpg 198w, https:\/\/fabriikki8.fi\/wordpress\/wp-content\/uploads\/2022\/10\/pilvet_etukansi-99x150.jpg 99w\" sizes=\"(max-width: 612px) 100vw, 612px\" \/><\/figure>\n\n\n\n<p><em>Yli \u00e4yr\u00e4idens\u00e4 tulvivat joet, odottamaton kes\u00e4n tulo ja mit\u00e4 omalaatuisin lasti: n\u00e4in voitaneen, ajan ja et\u00e4isyyden antaman perspektiivin turvin, parhaiten summata hankaluudet, jotka kaiken j\u00e4rjen vastaisesti tekiv\u00e4t karavaanimme etenemisen tasaisella lakeudella l\u00e4hes mahdottomaksi ja t\u00e4yttiv\u00e4t sadan peninkulman mittaisen matkamme vastoink\u00e4ymisill\u00e4.<\/em><\/p>\n\n\n\n<p>Nuori idealistinen psykiatri johdattaa viitt\u00e4 mielipuolta Argentiinan pampan halki kohti vasta perustettua Parantolaa armon vuonna 1804. Karavaanissa matkustaa potilaiden lis\u00e4ksi sotilaita, gauchoja ja prostituoituja, joita kaikkia vastoink\u00e4ymiset koettelevat niin sis\u00e4lt\u00e4 kuin ulkoa. Nuoren l\u00e4\u00e4k\u00e4rin tieteellinen katse ei riit\u00e4 suitsimaan levottomuutta uskonnon ja uskomusten leimaamassa maailmassa. Muuttumaton tasanko jatkuu loputtomana ja matkalaisten ajantaju ja j\u00e4rki alkavat taipua.<\/p>\n\n\n\n<p>Juan Jos\u00e9 Saerin odysseiassa luonnonvoimat ja selv\u00e4j\u00e4rkisyyden illuusio ottavat toisistaan mittaa.<\/p>\n\n\n\n<p>Argentiinalainen<strong> Juan Jos\u00e9 Saer<\/strong> (1937-2005) on Latinalaisen Amerikan ja koko espanjankielisen maailman merkitt\u00e4vimpi\u00e4 1900-luvun kirjailijoita. Saerin tuotannossa maanpako ja matka ovat toistuvia teemoja, ja kirjailija tunnetaan my\u00f6s erilaisten kerronnallisten ratkaisuiden ja tyylien suvereenista, pikkutarkasta hallinnasta.<\/p>\n\n\n\n<p><\/p>\n\n\n\n<p><a href=\"https:\/\/holvi.com\/shop\/fabriikki8\/product\/a36de42ac3d38986b23dc00fdc617ed9\/\">Osta verkkokaupasta<\/a><\/p>\n\n\n\n<p><strong>Teoksesta muualla<\/strong><\/p>\n\n\n\n<p><a href=\"https:\/\/fabriikki8.fi\/wordpress\/wp-content\/uploads\/2023\/02\/saer-kaleva.pdf\">Kaleva 11\/2022<\/a><br><a href=\"https:\/\/fabriikki8.fi\/wordpress\/wp-content\/uploads\/2023\/02\/Saer_parnasso.pdf\">Parnasso<\/a> 1\/2023<\/p>\n\n\n\n<p><\/p>\n\n<!-- Facebook Like Button Vivacity Infotech BEGIN -->\n<fb:like href=\"https:\/\/fabriikki8.fi\/wordpress\/kustannus\/juan-jose-saer-pilvet\/\" layout=\"button_count\" show_faces=\"false\" width=\"450\" action=\"like\" colorscheme=\"light\"><\/fb:like>\n<!-- Facebook Like Button Vivacity Infotech END -->\n","protected":false},"excerpt":{"rendered":"<p>Yli \u00e4yr\u00e4idens\u00e4 tulvivat joet, odottamaton kes\u00e4n tulo ja mit\u00e4 omalaatuisin lasti: n\u00e4in voitaneen, ajan ja et\u00e4isyyden antaman perspektiivin turvin, parhaiten summata hankaluudet, jotka kaiken j\u00e4rjen vastaisesti tekiv\u00e4t karavaanimme etenemisen tasaisella lakeudella l\u00e4hes mahdottomaksi ja t\u00e4yttiv\u00e4t sadan peninkulman mittaisen matkamme vastoink\u00e4ymisill\u00e4. Nuori idealistinen psykiatri johdattaa viitt\u00e4 mielipuolta Argentiinan pampan halki kohti vasta perustettua Parantolaa armon vuonna&#8230;<\/p>\n","protected":false},"author":1,"featured_media":0,"parent":610,"menu_order":0,"comment_status":"closed","ping_status":"closed","template":"","meta":{"footnotes":""},"class_list":["post-1238","page","type-page","status-publish","hentry","page-entry","loop-entry clr"],"_links":{"self":[{"href":"https:\/\/fabriikki8.fi\/wordpress\/wp-json\/wp\/v2\/pages\/1238","targetHints":{"allow":["GET"]}}],"collection":[{"href":"https:\/\/fabriikki8.fi\/wordpress\/wp-json\/wp\/v2\/pages"}],"about":[{"href":"https:\/\/fabriikki8.fi\/wordpress\/wp-json\/wp\/v2\/types\/page"}],"author":[{"embeddable":true,"href":"https:\/\/fabriikki8.fi\/wordpress\/wp-json\/wp\/v2\/users\/1"}],"replies":[{"embeddable":true,"href":"https:\/\/fabriikki8.fi\/wordpress\/wp-json\/wp\/v2\/comments?post=1238"}],"version-history":[{"count":5,"href":"https:\/\/fabriikki8.fi\/wordpress\/wp-json\/wp\/v2\/pages\/1238\/revisions"}],"predecessor-version":[{"id":1289,"href":"https:\/\/fabriikki8.fi\/wordpress\/wp-json\/wp\/v2\/pages\/1238\/revisions\/1289"}],"up":[{"embeddable":true,"href":"https:\/\/fabriikki8.fi\/wordpress\/wp-json\/wp\/v2\/pages\/610"}],"wp:attachment":[{"href":"https:\/\/fabriikki8.fi\/wordpress\/wp-json\/wp\/v2\/media?parent=1238"}],"curies":[{"name":"wp","href":"https:\/\/api.w.org\/{rel}","templated":true}]}}