{"id":1209,"date":"2020-11-24T07:34:53","date_gmt":"2020-11-24T05:34:53","guid":{"rendered":"http:\/\/fabriikki8.fi\/?page_id=1209"},"modified":"2023-02-20T14:23:37","modified_gmt":"2023-02-20T12:23:37","slug":"sebnem-isiguzel-tytto-puussa","status":"publish","type":"page","link":"https:\/\/fabriikki8.fi\/wordpress\/kustannus\/sebnem-isiguzel-tytto-puussa\/","title":{"rendered":"\u015eebnem \u0130\u015fig\u00fczel: Tytt\u00f6 puussa"},"content":{"rendered":"<div id=\"attachment_1210\" style=\"width: 214px\" class=\"wp-caption alignleft\"><a href=\"https:\/\/fabriikki8.fi\/wordpress\/wp-content\/uploads\/2020\/11\/Tytt\u00f6-puussa-etukansi.jpg\"><img loading=\"lazy\" decoding=\"async\" aria-describedby=\"caption-attachment-1210\" class=\"wp-image-1210 size-medium\" src=\"https:\/\/fabriikki8.fi\/wordpress\/wp-content\/uploads\/2020\/11\/Tytt\u00f6-puussa-etukansi-204x300.jpg\" alt=\"\" width=\"204\" height=\"300\" srcset=\"https:\/\/fabriikki8.fi\/wordpress\/wp-content\/uploads\/2020\/11\/Tytt\u00f6-puussa-etukansi-204x300.jpg 204w, https:\/\/fabriikki8.fi\/wordpress\/wp-content\/uploads\/2020\/11\/Tytt\u00f6-puussa-etukansi-768x1127.jpg 768w, https:\/\/fabriikki8.fi\/wordpress\/wp-content\/uploads\/2020\/11\/Tytt\u00f6-puussa-etukansi-698x1024.jpg 698w, https:\/\/fabriikki8.fi\/wordpress\/wp-content\/uploads\/2020\/11\/Tytt\u00f6-puussa-etukansi-102x150.jpg 102w, https:\/\/fabriikki8.fi\/wordpress\/wp-content\/uploads\/2020\/11\/Tytt\u00f6-puussa-etukansi.jpg 1656w\" sizes=\"auto, (max-width: 204px) 100vw, 204px\" \/><\/a><p id=\"caption-attachment-1210\" class=\"wp-caption-text\">\u015eebnem \u0130\u015fig\u00fczel: Tytt\u00f6 puussa (A\u011fa\u00e7taki K\u0131z, 2016). Suom. Tuula Kojo. ISBN 978-952-69000-5-6. 348 s. Nid.<\/p><\/div>\n<p>Miten kuolla kuolematta?<\/p>\n<p>Tytt\u00f6 puussa on ehk\u00e4 keksinyt ratkaisun. Er\u00e4\u00e4n\u00e4 p\u00e4iv\u00e4n\u00e4 h\u00e4n kiipe\u00e4\u00e4 G\u00fclhanen puistossa, hienon hotellin kupeessa kasvavan plataanin latvaan ja p\u00e4\u00e4tt\u00e4\u00e4, ettei en\u00e4\u00e4 tule alas. Maankamaralle j\u00e4\u00e4v\u00e4t mielenosoitusten ja pommi-iskujen repim\u00e4 Turkki ja monta taakkaa, jotka ovat liian raskaita teinityt\u00f6n kantaa. T\u00e4m\u00e4 on kuitenkin tarina rakkaudesta, joten ehk\u00e4 tytt\u00f6 puussa tapaa hotellin paloportailla pojan. Ehk\u00e4 he jakavat toisilleen tarinansa. Ehk\u00e4 poika auttaa h\u00e4net alas puusta. Ehk\u00e4 ei.<\/p>\n<p><em>Tytt\u00f6 puussa<\/em> kertoo vihaisen teinityt\u00f6n suulla maailmasta, jossa oma \u00e4\u00e4ni voi l\u00f6yty\u00e4 Twitterist\u00e4, jossa sukupolvien v\u00e4\u00e4ryydet kasaantuvat edelleen naisten harteille ja jossa poliittinen hulluus ajaa nuoria ep\u00e4toivoisiin tekoihin. Nerokkaasti lukijaa py\u00f6ritt\u00e4v\u00e4 tarina k\u00e4y l\u00e4pi Turkin historian pys\u00e4ytt\u00e4vi\u00e4 vaiheita, silti kiihke\u00e4n juurtuneena t\u00e4h\u00e4n hetkeen.<\/p>\n<p><strong>\u015eebnem \u0130\u015fig\u00fczel<\/strong> (s. 1973) on ollut Turkissa tunnettu nimi jo sensuurin kynsiin joutuneesta esikoisteoksestaan (1993) l\u00e4htien. \u0130\u015fig\u00fczel on julkaissut yli kymmenen kirjaa ja h\u00e4nt\u00e4 on k\u00e4\u00e4nnetty useille kielille. \u0130\u015fig\u00fczelin teokset liikkuvat usein arjen ja ep\u00e4tavallisen rajamailla. <em>Tytt\u00f6 puussa (A\u011fa\u00e7taki K\u0131z<\/em>, 2016) on \u0130\u015fig\u00fczelin ensimm\u00e4inen suomennettu teos.<\/p>\n<p><a href=\"https:\/\/holvi.com\/shop\/fabriikki8\/product\/28a294e467c6cdba48daa7a828ffb1fb\/\">Osta verkkokaupasta<\/a><\/p>\n\n\n<p>Teoksesta muualla:<\/p>\n\n\n\n<p><a href=\"https:\/\/kulttuuritoimitus.fi\/kritiikit\/kritiikit-kirjallisuus\/tytto-puussa-on-raikas-sukellus-taman-paivan-turkkiin-nuoren-naisen-silmin\/\">Kulttuuritoimitus<\/a><\/p>\n\n<!-- Facebook Like Button Vivacity Infotech BEGIN -->\n<fb:like href=\"https:\/\/fabriikki8.fi\/wordpress\/kustannus\/sebnem-isiguzel-tytto-puussa\/\" layout=\"button_count\" show_faces=\"false\" width=\"450\" action=\"like\" colorscheme=\"light\"><\/fb:like>\n<!-- Facebook Like Button Vivacity Infotech END -->\n","protected":false},"excerpt":{"rendered":"<p>Miten kuolla kuolematta? Tytt\u00f6 puussa on ehk\u00e4 keksinyt ratkaisun. Er\u00e4\u00e4n\u00e4 p\u00e4iv\u00e4n\u00e4 h\u00e4n kiipe\u00e4\u00e4 G\u00fclhanen puistossa, hienon hotellin kupeessa kasvavan plataanin latvaan ja p\u00e4\u00e4tt\u00e4\u00e4, ettei en\u00e4\u00e4 tule alas. Maankamaralle j\u00e4\u00e4v\u00e4t mielenosoitusten ja pommi-iskujen repim\u00e4 Turkki ja monta taakkaa, jotka ovat liian raskaita teinityt\u00f6n kantaa. T\u00e4m\u00e4 on kuitenkin tarina rakkaudesta, joten ehk\u00e4 tytt\u00f6 puussa tapaa hotellin paloportailla&#8230;<\/p>\n","protected":false},"author":1,"featured_media":0,"parent":610,"menu_order":0,"comment_status":"closed","ping_status":"closed","template":"","meta":{"footnotes":""},"class_list":["post-1209","page","type-page","status-publish","hentry","page-entry","loop-entry clr"],"_links":{"self":[{"href":"https:\/\/fabriikki8.fi\/wordpress\/wp-json\/wp\/v2\/pages\/1209","targetHints":{"allow":["GET"]}}],"collection":[{"href":"https:\/\/fabriikki8.fi\/wordpress\/wp-json\/wp\/v2\/pages"}],"about":[{"href":"https:\/\/fabriikki8.fi\/wordpress\/wp-json\/wp\/v2\/types\/page"}],"author":[{"embeddable":true,"href":"https:\/\/fabriikki8.fi\/wordpress\/wp-json\/wp\/v2\/users\/1"}],"replies":[{"embeddable":true,"href":"https:\/\/fabriikki8.fi\/wordpress\/wp-json\/wp\/v2\/comments?post=1209"}],"version-history":[{"count":4,"href":"https:\/\/fabriikki8.fi\/wordpress\/wp-json\/wp\/v2\/pages\/1209\/revisions"}],"predecessor-version":[{"id":1295,"href":"https:\/\/fabriikki8.fi\/wordpress\/wp-json\/wp\/v2\/pages\/1209\/revisions\/1295"}],"up":[{"embeddable":true,"href":"https:\/\/fabriikki8.fi\/wordpress\/wp-json\/wp\/v2\/pages\/610"}],"wp:attachment":[{"href":"https:\/\/fabriikki8.fi\/wordpress\/wp-json\/wp\/v2\/media?parent=1209"}],"curies":[{"name":"wp","href":"https:\/\/api.w.org\/{rel}","templated":true}]}}