{"id":1199,"date":"2020-04-21T07:43:37","date_gmt":"2020-04-21T04:43:37","guid":{"rendered":"http:\/\/fabriikki8.fi\/?page_id=1199"},"modified":"2023-02-20T14:12:17","modified_gmt":"2023-02-20T12:12:17","slug":"jean-marie-blas-de-robles-point-nemon-saari","status":"publish","type":"page","link":"https:\/\/fabriikki8.fi\/wordpress\/kustannus\/jean-marie-blas-de-robles-point-nemon-saari\/","title":{"rendered":"Jean-Marie Blas de Robl\u00e8s: Point Nemon saari"},"content":{"rendered":"<div id=\"attachment_1200\" style=\"width: 209px\" class=\"wp-caption alignleft\"><a href=\"https:\/\/fabriikki8.fi\/wordpress\/wp-content\/uploads\/2020\/04\/Point-Nemon-saari_etukansi.jpg\"><img loading=\"lazy\" decoding=\"async\" aria-describedby=\"caption-attachment-1200\" class=\"size-medium wp-image-1200\" src=\"https:\/\/fabriikki8.fi\/wordpress\/wp-content\/uploads\/2020\/04\/Point-Nemon-saari_etukansi-199x300.jpg\" alt=\"\" width=\"199\" height=\"300\" srcset=\"https:\/\/fabriikki8.fi\/wordpress\/wp-content\/uploads\/2020\/04\/Point-Nemon-saari_etukansi-199x300.jpg 199w, https:\/\/fabriikki8.fi\/wordpress\/wp-content\/uploads\/2020\/04\/Point-Nemon-saari_etukansi-768x1156.jpg 768w, https:\/\/fabriikki8.fi\/wordpress\/wp-content\/uploads\/2020\/04\/Point-Nemon-saari_etukansi-681x1024.jpg 681w, https:\/\/fabriikki8.fi\/wordpress\/wp-content\/uploads\/2020\/04\/Point-Nemon-saari_etukansi-100x150.jpg 100w, https:\/\/fabriikki8.fi\/wordpress\/wp-content\/uploads\/2020\/04\/Point-Nemon-saari_etukansi.jpg 1617w\" sizes=\"auto, (max-width: 199px) 100vw, 199px\" \/><\/a><p id=\"caption-attachment-1200\" class=\"wp-caption-text\"><strong>Jean-Marie Blas de Robl\u00e8s<\/strong>: <em>Point Nemon saari<\/em> (<em>L&#8217;Ile du Point Nemo<\/em>, 2014). Suom. Saana Rusi. ISBN 978-952-69000-4-9. 420 s. Nid.<\/p><\/div>\n<p>Jossain Skotlannissa rannalle ajautuu kolme oikeaa jalkaa ja kassakaapista katoaa kookas timantti. Eksentrinen seikkailijajoukko ottaa mysteerin selvitt\u00e4\u00e4kseen, matkaa maailmankuulu roisto kintereill\u00e4\u00e4n halki maanosien ja kummallisesta kulkuv\u00e4lineest\u00e4 toiseen, yh\u00e4 kauemmas l\u00e4ht\u00f6pisteest\u00e4\u00e4n ja l\u00e4hemm\u00e4n pistett\u00e4, jossa maailma loppuu.<\/p>\n<p>Toisaalla \u2013 ja toisessa ajassa \u2013 ranskalaisen e-kirjojen lukulaitteita valmistavan tehtaan v\u00e4hint\u00e4\u00e4n yht\u00e4 riemunkirjava henkil\u00f6kunta yritt\u00e4\u00e4 selvit\u00e4 omista vastoink\u00e4ymisist\u00e4\u00e4n, joissa hyv\u00e4ll\u00e4 tarinalla on kaikissa t\u00e4rke\u00e4 roolinsa.<\/p>\n<p>Point Nemon saari on intertekstuaalisia viittauksia ry\u00f6pytt\u00e4v\u00e4, lukijan p\u00e4\u00e4n py\u00f6r\u00e4lle laittava riemastuttava ja rivokin rakkaudenosoitus suurille salapoliiseille, kekseli\u00e4ille seikkailijoille, maanalaiselle vastarinnalle ja ennen kaikkea tarinankerronnan voimalle.<\/p>\n<p><strong>Jean-Marie Blas de Robl\u00e8s<\/strong> (s. 1954) on Brasliassa, Kiinassa, Italiassa, Libyassa ja Taiwanissa vaikuttanut, Algeriassa syntynyt ranskalaiskirjailija. <em>Point Nemon saari<\/em> on h\u00e4nen yhdeks\u00e4s romaaninsa.<\/p>\n<p><a href=\"https:\/\/holvi.com\/shop\/fabriikki8\/product\/fcdb69d62ba004a49cb892a5dfb57824\/\">Osta verkkokaupasta<\/a><\/p>\n<p>Teoksesta muualla:<\/p>\n<p><a href=\"https:\/\/fabriikki8.fi\/wordpress\/wp-content\/uploads\/2020\/10\/tarinamylly-vie-tekstist\u00e4-toiseen.pdf\">Tarinamylly vie tekstist\u00e4 toiseen<\/a>\u00a0&#8211; Turun Sanomat 23.10.2020<\/p>\n\n<!-- Facebook Like Button Vivacity Infotech BEGIN -->\n<fb:like href=\"https:\/\/fabriikki8.fi\/wordpress\/kustannus\/jean-marie-blas-de-robles-point-nemon-saari\/\" layout=\"button_count\" show_faces=\"false\" width=\"450\" action=\"like\" colorscheme=\"light\"><\/fb:like>\n<!-- Facebook Like Button Vivacity Infotech END -->\n","protected":false},"excerpt":{"rendered":"<p>Jossain Skotlannissa rannalle ajautuu kolme oikeaa jalkaa ja kassakaapista katoaa kookas timantti. Eksentrinen seikkailijajoukko ottaa mysteerin selvitt\u00e4\u00e4kseen, matkaa maailmankuulu roisto kintereill\u00e4\u00e4n halki maanosien ja kummallisesta kulkuv\u00e4lineest\u00e4 toiseen, yh\u00e4 kauemmas l\u00e4ht\u00f6pisteest\u00e4\u00e4n ja l\u00e4hemm\u00e4n pistett\u00e4, jossa maailma loppuu. Toisaalla \u2013 ja toisessa ajassa \u2013 ranskalaisen e-kirjojen lukulaitteita valmistavan tehtaan v\u00e4hint\u00e4\u00e4n yht\u00e4 riemunkirjava henkil\u00f6kunta yritt\u00e4\u00e4 selvit\u00e4 omista vastoink\u00e4ymisist\u00e4\u00e4n,&#8230;<\/p>\n","protected":false},"author":1,"featured_media":0,"parent":610,"menu_order":0,"comment_status":"closed","ping_status":"closed","template":"","meta":{"footnotes":""},"class_list":["post-1199","page","type-page","status-publish","hentry","page-entry","loop-entry clr"],"_links":{"self":[{"href":"https:\/\/fabriikki8.fi\/wordpress\/wp-json\/wp\/v2\/pages\/1199","targetHints":{"allow":["GET"]}}],"collection":[{"href":"https:\/\/fabriikki8.fi\/wordpress\/wp-json\/wp\/v2\/pages"}],"about":[{"href":"https:\/\/fabriikki8.fi\/wordpress\/wp-json\/wp\/v2\/types\/page"}],"author":[{"embeddable":true,"href":"https:\/\/fabriikki8.fi\/wordpress\/wp-json\/wp\/v2\/users\/1"}],"replies":[{"embeddable":true,"href":"https:\/\/fabriikki8.fi\/wordpress\/wp-json\/wp\/v2\/comments?post=1199"}],"version-history":[{"count":3,"href":"https:\/\/fabriikki8.fi\/wordpress\/wp-json\/wp\/v2\/pages\/1199\/revisions"}],"predecessor-version":[{"id":1282,"href":"https:\/\/fabriikki8.fi\/wordpress\/wp-json\/wp\/v2\/pages\/1199\/revisions\/1282"}],"up":[{"embeddable":true,"href":"https:\/\/fabriikki8.fi\/wordpress\/wp-json\/wp\/v2\/pages\/610"}],"wp:attachment":[{"href":"https:\/\/fabriikki8.fi\/wordpress\/wp-json\/wp\/v2\/media?parent=1199"}],"curies":[{"name":"wp","href":"https:\/\/api.w.org\/{rel}","templated":true}]}}