{"id":1141,"date":"2018-09-20T08:52:05","date_gmt":"2018-09-20T05:52:05","guid":{"rendered":"http:\/\/fabriikki8.fi\/?page_id=1141"},"modified":"2023-02-20T14:22:29","modified_gmt":"2023-02-20T12:22:29","slug":"laia-jufresa-umami","status":"publish","type":"page","link":"https:\/\/fabriikki8.fi\/wordpress\/kustannus\/laia-jufresa-umami\/","title":{"rendered":"Laia Jufresa: Umami"},"content":{"rendered":"<div class=\"mceTemp\"><\/div>\n<div id=\"attachment_1139\" style=\"width: 205px\" class=\"wp-caption alignleft\"><a href=\"https:\/\/fabriikki8.fi\/wordpress\/wp-content\/uploads\/2015\/10\/9789526900001.jpg\" rel=\"attachment wp-att-1139\"><img loading=\"lazy\" decoding=\"async\" aria-describedby=\"caption-attachment-1139\" class=\"size-medium wp-image-1139\" src=\"https:\/\/fabriikki8.fi\/wordpress\/wp-content\/uploads\/2015\/10\/9789526900001-195x300.jpg\" alt=\"Laia Jufresa: Umami (Umami, 2014). Suom. Laura Vesanto. ISBN 978-952-69000-0-1.\" width=\"195\" height=\"300\" srcset=\"https:\/\/fabriikki8.fi\/wordpress\/wp-content\/uploads\/2015\/10\/9789526900001-195x300.jpg 195w, https:\/\/fabriikki8.fi\/wordpress\/wp-content\/uploads\/2015\/10\/9789526900001-768x1184.jpg 768w, https:\/\/fabriikki8.fi\/wordpress\/wp-content\/uploads\/2015\/10\/9789526900001-664x1024.jpg 664w, https:\/\/fabriikki8.fi\/wordpress\/wp-content\/uploads\/2015\/10\/9789526900001-97x150.jpg 97w, https:\/\/fabriikki8.fi\/wordpress\/wp-content\/uploads\/2015\/10\/9789526900001.jpg 1521w\" sizes=\"auto, (max-width: 195px) 100vw, 195px\" \/><\/a><p id=\"caption-attachment-1139\" class=\"wp-caption-text\"><strong>Laia Jufresa<\/strong>: <em>Umami<\/em> (<em>Umami<\/em>, 2015). Suom. Laura Vesanto. ISBN 978-952-69000-0-1. 266 s., nid.<\/p><\/div>\n<p><strong>Mosaiikkimainen teos arjen kauneudesta ja kaikennielev\u00e4st\u00e4 surusta<\/strong><\/p>\n<p><em>\u201dMutta monumentaalisen takana on muutakin, jotain kaunista ja nerokasta ja kerroksellista: ihmisten arki.\u201d<\/em><\/p>\n<p>Er\u00e4\u00e4ss\u00e4 Mexico Cityn miljoonakaupungin pihapiiriss\u00e4 betonipiha muuttaa muotoaan vehre\u00e4ksi viljelm\u00e4ksi: Ana eli Agatha Christie on p\u00e4\u00e4tt\u00e4nyt viljell\u00e4 patiolla maissia, papuja ja kurpitsaa: kuin atsteekkiesi-is\u00e4t aikoinaan. Anan oppi-is\u00e4, leskeksi j\u00e4\u00e4nyt tohtori Semitiel yritt\u00e4\u00e4 selvit\u00e4 menetyksest\u00e4, joka tahtoo j\u00e4\u00e4d\u00e4 pihapiirin toisen suuren surun varjoon. Marina etsii t\u00e4ydellist\u00e4 valkoista, Pina kadonneen \u00e4idin kirjoittamaa kirjett\u00e4 ja pieni Luz keisari Umamin valtakuntaa j\u00e4rven pohjasta.<\/p>\n<p>Umami liikkuu edestakaisin ajassa ja paikassa ja kuljettaa lukijaansa halki Meksikon ja rajan taakse Yhdysvaltoihin. Se on humaani tarina surusta, menetyksist\u00e4, lapsettomuudesta, \u00e4ideist\u00e4 ja tytt\u00e4rist\u00e4, yhdess\u00e4 kasvamisesta ja erilleen kasvamisesta, tavallisista ovista ja niiden takana eletyist\u00e4 tavallisista el\u00e4mist\u00e4 sek\u00e4 umamista, viidennest\u00e4 mausta, jota mik\u00e4\u00e4n kieli ei oikein riit\u00e4 kuvaamaan.<\/p>\n<p><strong>Laia Jufresa<\/strong> (1983) on meksikolainen kirjailija, joka eli lapsuutensa Veracruzin pilvimetsiss\u00e4, nuoruuteensa Pariisissa, palasi aikuisi\u00e4ll\u00e4 Mexico Cityyn ja asuu nyt Edinburghissa. <em>Umami<\/em> (2015) on Jufresan esikoisromaani, joka on k\u00e4\u00e4nnetty muun muassa englanniksi, italiaksi, ranskaksi, turkiksi, hollanniksi ja tanskaksi.<\/p>\n<p>Vuonna 2017 Jufresa nimettiin yhdeksi Latinalaisen Amerikan merkitt\u00e4vimmist\u00e4 nuorista kirjailijoista. H\u00e4nelt\u00e4 on ilmestynyt my\u00f6s novellikokoelma El esquinista (2014).<\/p>\n<p>Kirjasta muualla:<\/p>\n<p><a href=\"https:\/\/fabriikki8.fi\/wordpress\/wp-content\/uploads\/2018\/11\/umami_ts.pdf\">Makean karvaat el\u00e4m\u00e4n maut<\/a>\u00a0&#8211; Turun Sanomat 22.11.2018<br \/>\n<a href=\"https:\/\/fabriikki8.fi\/wordpress\/wp-content\/uploads\/2019\/02\/umami_parnasso.pdf\">El\u00e4m\u00e4nmakuinen pienoismaailma<\/a> &#8211; Parnasso 1 \/ 2019<br \/>\n<a href=\"https:\/\/mummomatkalla.blogspot.com\/2018\/11\/laia-jufresa-umami-ex-libris.html\">Mummo matkalla -blogi<\/a><br \/>\n<a href=\"http:\/\/kirjasahkokayra.blogspot.com\/2018\/10\/laia-jufresa-umami.html\">Kirjas\u00e4hk\u00f6k\u00e4yr\u00e4-blogi<\/a><\/p>\n<p><a href=\"https:\/\/holvi.com\/shop\/fabriikki8\/product\/808b4316df8b2fbb7200f4a140cb7816\/\" target=\"_blank\" rel=\"noopener\">Osta verkkokaupasta<\/a><\/p>\n<p>Jokaisen Fabriikki Kustannuksen julkaiseman kirjan lopusta on syksyst\u00e4 2017 alkaen l\u00f6ytynyt lyhyt suosituslista. Listoille valitaan suomennettua kaunokirjallisuutta, joka tavalla tai toisella keskustelee Fabriikin julkaiseman teoksen kanssa. <em>Umamin<\/em> lopusta l\u00f6ytyv\u00e4n listan voi nyt ladata talteen t\u00e4st\u00e4: <a href=\"https:\/\/fabriikki8.fi\/wordpress\/wp-content\/uploads\/2018\/09\/umami_suositukset.pdf\" rel=\"\">Kirjasuositukset<\/a><\/p>\n\n<!-- Facebook Like Button Vivacity Infotech BEGIN -->\n<fb:like href=\"https:\/\/fabriikki8.fi\/wordpress\/kustannus\/laia-jufresa-umami\/\" layout=\"button_count\" show_faces=\"false\" width=\"450\" action=\"like\" colorscheme=\"light\"><\/fb:like>\n<!-- Facebook Like Button Vivacity Infotech END -->\n","protected":false},"excerpt":{"rendered":"<p>Mosaiikkimainen teos arjen kauneudesta ja kaikennielev\u00e4st\u00e4 surusta \u201dMutta monumentaalisen takana on muutakin, jotain kaunista ja nerokasta ja kerroksellista: ihmisten arki.\u201d Er\u00e4\u00e4ss\u00e4 Mexico Cityn miljoonakaupungin pihapiiriss\u00e4 betonipiha muuttaa muotoaan vehre\u00e4ksi viljelm\u00e4ksi: Ana eli Agatha Christie on p\u00e4\u00e4tt\u00e4nyt viljell\u00e4 patiolla maissia, papuja ja kurpitsaa: kuin atsteekkiesi-is\u00e4t aikoinaan. Anan oppi-is\u00e4, leskeksi j\u00e4\u00e4nyt tohtori Semitiel yritt\u00e4\u00e4 selvit\u00e4 menetyksest\u00e4, joka&#8230;<\/p>\n","protected":false},"author":1,"featured_media":0,"parent":610,"menu_order":0,"comment_status":"closed","ping_status":"closed","template":"","meta":{"footnotes":""},"class_list":["post-1141","page","type-page","status-publish","hentry","page-entry","loop-entry clr"],"_links":{"self":[{"href":"https:\/\/fabriikki8.fi\/wordpress\/wp-json\/wp\/v2\/pages\/1141","targetHints":{"allow":["GET"]}}],"collection":[{"href":"https:\/\/fabriikki8.fi\/wordpress\/wp-json\/wp\/v2\/pages"}],"about":[{"href":"https:\/\/fabriikki8.fi\/wordpress\/wp-json\/wp\/v2\/types\/page"}],"author":[{"embeddable":true,"href":"https:\/\/fabriikki8.fi\/wordpress\/wp-json\/wp\/v2\/users\/1"}],"replies":[{"embeddable":true,"href":"https:\/\/fabriikki8.fi\/wordpress\/wp-json\/wp\/v2\/comments?post=1141"}],"version-history":[{"count":7,"href":"https:\/\/fabriikki8.fi\/wordpress\/wp-json\/wp\/v2\/pages\/1141\/revisions"}],"predecessor-version":[{"id":1292,"href":"https:\/\/fabriikki8.fi\/wordpress\/wp-json\/wp\/v2\/pages\/1141\/revisions\/1292"}],"up":[{"embeddable":true,"href":"https:\/\/fabriikki8.fi\/wordpress\/wp-json\/wp\/v2\/pages\/610"}],"wp:attachment":[{"href":"https:\/\/fabriikki8.fi\/wordpress\/wp-json\/wp\/v2\/media?parent=1141"}],"curies":[{"name":"wp","href":"https:\/\/api.w.org\/{rel}","templated":true}]}}