{"id":1058,"date":"2018-06-20T09:26:18","date_gmt":"2018-06-20T06:26:18","guid":{"rendered":"http:\/\/fabriikki8.fi\/?page_id=1058"},"modified":"2024-10-28T09:20:18","modified_gmt":"2024-10-28T07:20:18","slug":"kaannos-ja-kielipalvelut","status":"publish","type":"page","link":"https:\/\/fabriikki8.fi\/wordpress\/staff\/kaannos-ja-kielipalvelut\/","title":{"rendered":"K\u00e4\u00e4nn\u00f6s- ja kielipalvelut"},"content":{"rendered":"\n<p>Voit tilata Fabriikki 8:lta my\u00f6s kaupallisten, teknisten ja tieteellisten tekstien k\u00e4\u00e4nn\u00f6sty\u00f6t ja kielentarkistukset.<\/p>\n\n\n\n<ul class=\"wp-block-list\">\n<li><del><\/del><strong>k\u00e4\u00e4nn\u00f6kset kieliss\u00e4 ruotsi, englanti, espanja ja viro (suomi-ruotsi, englanti-suomi-englanti, espanja-suomi, viro-suomi)<\/strong><\/li>\n\n\n\n<li><strong>suomenkielisten tekstien oikoluku, kielentarkistus ja kielenhuolto (esim. opinn\u00e4ytteet ja v\u00e4it\u00f6skirjat)<\/strong><\/li>\n<\/ul>\n\n\n\n<p>Ota yhteytt\u00e4 joko fabriikki8 (a) gmail.com tai suoraan k\u00e4\u00e4nt\u00e4jiimme:<\/p>\n\n\n<div class=\"wp-block-image is-style-rounded\">\n<figure class=\"alignleft size-medium\"><img loading=\"lazy\" decoding=\"async\" width=\"201\" height=\"300\" src=\"https:\/\/fabriikki8.fi\/wordpress\/wp-content\/uploads\/2015\/01\/laura-vesanto-201x300.jpg\" alt=\"Laura Vesanto\" class=\"wp-image-1368\" srcset=\"https:\/\/fabriikki8.fi\/wordpress\/wp-content\/uploads\/2015\/01\/laura-vesanto-201x300.jpg 201w, https:\/\/fabriikki8.fi\/wordpress\/wp-content\/uploads\/2015\/01\/laura-vesanto-101x150.jpg 101w, https:\/\/fabriikki8.fi\/wordpress\/wp-content\/uploads\/2015\/01\/laura-vesanto.jpg 500w\" sizes=\"auto, (max-width: 201px) 100vw, 201px\" \/><figcaption class=\"wp-element-caption\"><a href=\"https:\/\/fabriikki8.fi\/wordpress\/portfolio-item\/laura-vesanto\/\">Laura Vesanto laura.vesanto (a) gmail.com K\u00e4\u00e4nn\u00f6kset kielipareissa en-fi-en, es-fi ja ee-fi, kielenhuolto ja oikoluku<\/a><\/figcaption><\/figure>\n<\/div>\n<!-- Facebook Like Button Vivacity Infotech BEGIN -->\n<fb:like href=\"https:\/\/fabriikki8.fi\/wordpress\/staff\/kaannos-ja-kielipalvelut\/\" layout=\"button_count\" show_faces=\"false\" width=\"450\" action=\"like\" colorscheme=\"light\"><\/fb:like>\n<!-- Facebook Like Button Vivacity Infotech END -->\n","protected":false},"excerpt":{"rendered":"<p>Voit tilata Fabriikki 8:lta my\u00f6s kaupallisten, teknisten ja tieteellisten tekstien k\u00e4\u00e4nn\u00f6sty\u00f6t ja kielentarkistukset. Ota yhteytt\u00e4 joko fabriikki8 (a) gmail.com tai suoraan k\u00e4\u00e4nt\u00e4jiimme:<\/p>\n","protected":false},"author":1,"featured_media":0,"parent":54,"menu_order":0,"comment_status":"closed","ping_status":"closed","template":"","meta":{"footnotes":""},"class_list":["post-1058","page","type-page","status-publish","hentry","page-entry","loop-entry clr"],"_links":{"self":[{"href":"https:\/\/fabriikki8.fi\/wordpress\/wp-json\/wp\/v2\/pages\/1058","targetHints":{"allow":["GET"]}}],"collection":[{"href":"https:\/\/fabriikki8.fi\/wordpress\/wp-json\/wp\/v2\/pages"}],"about":[{"href":"https:\/\/fabriikki8.fi\/wordpress\/wp-json\/wp\/v2\/types\/page"}],"author":[{"embeddable":true,"href":"https:\/\/fabriikki8.fi\/wordpress\/wp-json\/wp\/v2\/users\/1"}],"replies":[{"embeddable":true,"href":"https:\/\/fabriikki8.fi\/wordpress\/wp-json\/wp\/v2\/comments?post=1058"}],"version-history":[{"count":7,"href":"https:\/\/fabriikki8.fi\/wordpress\/wp-json\/wp\/v2\/pages\/1058\/revisions"}],"predecessor-version":[{"id":1386,"href":"https:\/\/fabriikki8.fi\/wordpress\/wp-json\/wp\/v2\/pages\/1058\/revisions\/1386"}],"up":[{"embeddable":true,"href":"https:\/\/fabriikki8.fi\/wordpress\/wp-json\/wp\/v2\/pages\/54"}],"wp:attachment":[{"href":"https:\/\/fabriikki8.fi\/wordpress\/wp-json\/wp\/v2\/media?parent=1058"}],"curies":[{"name":"wp","href":"https:\/\/api.w.org\/{rel}","templated":true}]}}