{"id":1020,"date":"2018-03-07T15:45:14","date_gmt":"2018-03-07T13:45:14","guid":{"rendered":"http:\/\/fabriikki8.fi\/?page_id=1020"},"modified":"2023-02-20T14:23:58","modified_gmt":"2023-02-20T12:23:58","slug":"shirley-jackson-linna-on-aina-ollut-kotimme","status":"publish","type":"page","link":"https:\/\/fabriikki8.fi\/wordpress\/kustannus\/shirley-jackson-linna-on-aina-ollut-kotimme\/","title":{"rendered":"Shirley Jackson: Linna on aina ollut kotimme"},"content":{"rendered":"<div id=\"attachment_1017\" style=\"width: 205px\" class=\"wp-caption alignleft\"><a href=\"https:\/\/fabriikki8.fi\/wordpress\/wp-content\/uploads\/2015\/10\/9789526845692.jpg\" rel=\"attachment wp-att-1017\"><img loading=\"lazy\" decoding=\"async\" aria-describedby=\"caption-attachment-1017\" class=\"size-medium wp-image-1017\" src=\"https:\/\/fabriikki8.fi\/wordpress\/wp-content\/uploads\/2015\/10\/9789526845692-195x300.jpg\" alt=\"Shirley Jackson:\u00a0Linna on aina ollut kotimme\u00a0(We Have Always Lived in the Castle, 1962). Suom. Laura Vesanto. ISBN 978-952-68456-9-2. 204 s., nid. \" width=\"195\" height=\"300\" srcset=\"https:\/\/fabriikki8.fi\/wordpress\/wp-content\/uploads\/2015\/10\/9789526845692-195x300.jpg 195w, https:\/\/fabriikki8.fi\/wordpress\/wp-content\/uploads\/2015\/10\/9789526845692-768x1182.jpg 768w, https:\/\/fabriikki8.fi\/wordpress\/wp-content\/uploads\/2015\/10\/9789526845692-666x1024.jpg 666w, https:\/\/fabriikki8.fi\/wordpress\/wp-content\/uploads\/2015\/10\/9789526845692-97x150.jpg 97w, https:\/\/fabriikki8.fi\/wordpress\/wp-content\/uploads\/2015\/10\/9789526845692.jpg 1539w\" sizes=\"auto, (max-width: 195px) 100vw, 195px\" \/><\/a><p id=\"caption-attachment-1017\" class=\"wp-caption-text\"><strong>Shirley Jackson:<\/strong>\u00a0<em>Linna on aina ollut kotimme<\/em>\u00a0(<em>We Have Always Lived in the Castle<\/em>, 1962). Suom. Laura Vesanto. ISBN 978-952-68456-9-2. 204 s., nid.<\/p><\/div>\n<p class=\"western\"><strong>Goottilaisen kirjallisuuden klassikko &#8211; Grey Gardens kohtaa tytt\u00f6kirjat<\/strong><\/p>\n<p class=\"western\">Blackwoodin sukutalossa on j\u00e4ljell\u00e4 en\u00e4\u00e4 kolme asukasta: sisarukset Merricat ja Constance Blackwood ja py\u00f6r\u00e4tuoliin joutunut Julian-set\u00e4. Koko muu perhe on kuollut.<\/p>\n<p class=\"western\">Merricat hautaa maahan marmorikuulia ja keksii taikasanoja pit\u00e4\u00e4kseen kyl\u00e4l\u00e4iset ja muun maailman talon porttien takana. Mutta kun is\u00e4n kassakaapista kiinnostunut Charles-serkku l\u00f6yt\u00e4\u00e4 tiens\u00e4 keitti\u00f6n ovelle ja illallisp\u00f6yd\u00e4n \u00e4\u00e4reen, Merricatin taikasanat eiv\u00e4t en\u00e4\u00e4 riit\u00e4.<\/p>\n<p class=\"western\"><i>Linna on aina ollut kotimme<\/i> on tarina omalaatuisesta yst\u00e4vyydest\u00e4, pienen kyl\u00e4yhteis\u00f6n ahdasmielisyydest\u00e4, ahneudesta ja <em>amanita phalloidesista<\/em>. Goottilaisen kirjallisuuden kaunis ja merkillinen klassikko vihdoin suomeksi.<\/p>\n<p class=\"western\"><strong>Shirley Jackson<\/strong> (1916-1965) oli yhdysvaltalainen kirjailija, joka tunnetaan erityisesti novellistaan <em>The Lottery<\/em> (1948) ja kauhuromaanistaan <em>The Haunting of Hill House<\/em> (1959), josta on tehty my\u00f6s useita elokuvasovituksia.<\/p>\n<p class=\"western\">Vastoink\u00e4ymisten v\u00e4ritt\u00e4m\u00e4\u00e4 el\u00e4m\u00e4\u00e4 el\u00e4nyt Jackson oli tunnettu ja tunteita her\u00e4tt\u00e4v\u00e4 kirjailija jo el\u00e4ess\u00e4\u00e4n, vaikka onkin noussut kirjalliseen arvostukseen vasta 2000-luvun puolella.<\/p>\n<p class=\"western\">Vuonna 2007 Yhdysvalloissa perustettiin kirjailijan nime\u00e4 kantava palkinto, joka my\u00f6nnet\u00e4\u00e4n ansioituneille psykologista j\u00e4nnityst\u00e4 ja kauhua hy\u00f6dynt\u00e4ville teoksille.<\/p>\n<p class=\"western\">Viimeisin Jacksonista kirjoitettu el\u00e4m\u00e4kerta <em>A Rather Haunted Life<\/em> ilmestyi 2016, ja sen my\u00f6t\u00e4 alkoi my\u00f6s kirjailijan teosten uusi kultakausi. Nyt suomeksi ilmestyv\u00e4n romaanin uutta elokuvasovitusta <em>We Have Always Lived in the Castle<\/em> odotetaan levitykseen vuonna 2018.<\/p>\n<p class=\"western\">Teoksesta muualla:<\/p>\n<p class=\"western\"><a href=\"https:\/\/fabriikki8.fi\/wordpress\/wp-content\/uploads\/2019\/01\/jackson-ts-7.pdf\">Eksentristen sisarusten salaisuus<\/a> &#8211; Turun Sanomat 7.1.2019<br \/>\n<a href=\"https:\/\/www.kauppalehti.fi\/uutiset\/amerikkalaisen-gotiikan-klassikossa-linnalla-on-sielu\/pJHNWVNY\" target=\"_blank\" rel=\"noopener\">Amerikkalaisen gotiikan klassikossa linnalla on sielu<\/a> &#8211; Kauppalehti 14.8.2018<br \/>\n<a href=\"http:\/\/luminenomena.blogspot.fi\/2018\/03\/shirley-jackson-linna-on-aina-ollut.html\" target=\"_blank\" rel=\"noopener\">Lumiomena-blogi<br \/>\n<\/a><a href=\"https:\/\/mummomatkalla.blogspot.fi\/2018\/04\/shirley-jackson-linna-on-aina-ollut.html\" target=\"_blank\" rel=\"noopener\">Mummo matkalla -blogi<br \/>\n<\/a><a href=\"http:\/\/taikakirjaimet.blogspot.fi\/2018\/04\/shirley-jackson-linna-on-aina-ollut.html\" target=\"_blank\" rel=\"noopener\">Taikakirjaimet-blogi<br \/>\n<\/a><a href=\"http:\/\/www.mitaluimmekerran.fi\/2018\/05\/shirley-jackson-linna-on-aina-ollut.html\" target=\"_blank\" rel=\"noopener\">Mit\u00e4 luimme kerran -blogi<br \/>\n<\/a><a href=\"https:\/\/kosminenk.wordpress.com\/2018\/06\/13\/shirley-jackson-linna-on-aina-ollut-kotimme\/\" target=\"_blank\" rel=\"noopener\">Kosminen K -blogi<\/a><br \/>\n<a href=\"https:\/\/www.bookishteaparty.com\/2018\/11\/shirley-jackson-linna-on-aina-ollut.html\">Bookish teaparty -blogi<\/a><\/p>\n<p class=\"western\"><a href=\"https:\/\/holvi.com\/shop\/fabriikki8\/product\/5d2ab99dc04719b82b9f8408310b7414\/\" target=\"_blank\" rel=\"noopener\">Osta verkkokaupasta<\/a><\/p>\n<p class=\"western\">Jokaisen Fabriikki Kustannuksen julkaiseman kirjan lopusta\u00a0on\u00a0syksyst\u00e4 2017 alkaen\u00a0l\u00f6ytynyt lyhyt suosituslista. Listoille valitaan suomennettua kaunokirjallisuutta, joka tavalla tai toisella keskustelee Fabriikin julkaiseman teoksen kanssa. <em>Linna on aina ollut kotimme<\/em>\u00a0-teoksen lopusta l\u00f6ytyv\u00e4n listan voi nyt ladata talteen t\u00e4\u00e4lt\u00e4: <a href=\"https:\/\/fabriikki8.fi\/wordpress\/wp-content\/uploads\/2018\/03\/linna-on-aina-ollut-kotimme_kirjasuositukset.pdf\" rel=\"\">Kirjasuositukset<\/a><\/p>\n\n<!-- Facebook Like Button Vivacity Infotech BEGIN -->\n<fb:like href=\"https:\/\/fabriikki8.fi\/wordpress\/kustannus\/shirley-jackson-linna-on-aina-ollut-kotimme\/\" layout=\"button_count\" show_faces=\"false\" width=\"450\" action=\"like\" colorscheme=\"light\"><\/fb:like>\n<!-- Facebook Like Button Vivacity Infotech END -->\n","protected":false},"excerpt":{"rendered":"<p>Goottilaisen kirjallisuuden klassikko &#8211; Grey Gardens kohtaa tytt\u00f6kirjat Blackwoodin sukutalossa on j\u00e4ljell\u00e4 en\u00e4\u00e4 kolme asukasta: sisarukset Merricat ja Constance Blackwood ja py\u00f6r\u00e4tuoliin joutunut Julian-set\u00e4. Koko muu perhe on kuollut. Merricat hautaa maahan marmorikuulia ja keksii taikasanoja pit\u00e4\u00e4kseen kyl\u00e4l\u00e4iset ja muun maailman talon porttien takana. Mutta kun is\u00e4n kassakaapista kiinnostunut Charles-serkku l\u00f6yt\u00e4\u00e4 tiens\u00e4 keitti\u00f6n ovelle ja&#8230;<\/p>\n","protected":false},"author":1,"featured_media":0,"parent":610,"menu_order":0,"comment_status":"closed","ping_status":"closed","template":"","meta":{"footnotes":""},"class_list":["post-1020","page","type-page","status-publish","hentry","page-entry","loop-entry clr"],"_links":{"self":[{"href":"https:\/\/fabriikki8.fi\/wordpress\/wp-json\/wp\/v2\/pages\/1020","targetHints":{"allow":["GET"]}}],"collection":[{"href":"https:\/\/fabriikki8.fi\/wordpress\/wp-json\/wp\/v2\/pages"}],"about":[{"href":"https:\/\/fabriikki8.fi\/wordpress\/wp-json\/wp\/v2\/types\/page"}],"author":[{"embeddable":true,"href":"https:\/\/fabriikki8.fi\/wordpress\/wp-json\/wp\/v2\/users\/1"}],"replies":[{"embeddable":true,"href":"https:\/\/fabriikki8.fi\/wordpress\/wp-json\/wp\/v2\/comments?post=1020"}],"version-history":[{"count":13,"href":"https:\/\/fabriikki8.fi\/wordpress\/wp-json\/wp\/v2\/pages\/1020\/revisions"}],"predecessor-version":[{"id":1296,"href":"https:\/\/fabriikki8.fi\/wordpress\/wp-json\/wp\/v2\/pages\/1020\/revisions\/1296"}],"up":[{"embeddable":true,"href":"https:\/\/fabriikki8.fi\/wordpress\/wp-json\/wp\/v2\/pages\/610"}],"wp:attachment":[{"href":"https:\/\/fabriikki8.fi\/wordpress\/wp-json\/wp\/v2\/media?parent=1020"}],"curies":[{"name":"wp","href":"https:\/\/api.w.org\/{rel}","templated":true}]}}